{"id":241,"date":"2021-09-16T19:20:49","date_gmt":"2021-09-16T19:20:49","guid":{"rendered":"https:\/\/jrnutrition.co\/?page_id=241"},"modified":"2021-09-20T20:59:36","modified_gmt":"2021-09-20T20:59:36","slug":"vznik","status":"publish","type":"page","link":"https:\/\/jrnutrition.co\/en\/vznik\/","title":{"rendered":"Vznik"},"content":{"rendered":"<section class=\"section dark\" id=\"section_1258306943\">\n\t\t<div class=\"section-bg fill\" >\n\t\t\t<img loading=\"lazy\" decoding=\"async\" width=\"1500\" height=\"1052\" src=\"https:\/\/jrnutrition.co\/wp-content\/uploads\/2021\/09\/cole-keister-8V1gfeaPP1Y-unsplash.jpg\" class=\"bg attachment- size-\" alt=\"\" \/>\t\t\t\t\t\t<div class=\"section-bg-overlay absolute fill\"><\/div>\n\t\t\t\n\n\t\t<\/div>\n\n\t\t\n\n\t\t<div class=\"section-content relative\">\n\t\t\t\n\n<div class=\"row align-center\"  id=\"row-1069815858\">\n\n\n\t<div id=\"col-2043365658\" class=\"col medium-9 small-12 large-10\"  >\n\t\t\t\t<div class=\"col-inner text-center\"  >\n\t\t\t\n\t\t\t\n\n\t<div id=\"text-4040143407\" class=\"text\">\n\t\t\n\n<h6>HISTORIE JRNUTRITON<\/h6>\n\t\t\n<style>\n#text-4040143407 {\n  line-height: 1;\n}\n<\/style>\n\t<\/div>\n\t\n\t<div id=\"text-1534074096\" class=\"text\">\n\t\t\n\n<h3>VZNIK<\/h3>\n\t\t\n<style>\n#text-1534074096 {\n  font-size: 2.75rem;\n  line-height: 1;\n}\n<\/style>\n\t<\/div>\n\t\n<p>Na za\u010d\u00e1tku jsme sledovali, jak na\u0161e t\u011blo reaguje na to co konzumujeme. A v z\u00e1vislosti na to, jak\u00fd pod\u00e1v\u00e1me v\u00fdkon, jak se m\u016f\u017eeme soust\u0159edit a jak se celkov\u011b c\u00edt\u00edme. V\u0161echny tyto aspekty ovliv\u0148uj\u00ed, n\u00e1\u0161 \u00fasp\u011bch ve sport\u011b i v osobn\u00edm \u017eivot\u011b, zkr\u00e1tka jsme to co j\u00edme a pijeme.<\/p>\n<p>Jako tv\u016frci m\u00e1me vysok\u00e9 po\u017eadavky na kvalitu a funkci potravin v na\u0161em t\u011ble. Jsme si v\u011bdomi, \u017ee \u010d\u00edm kvalitn\u011bj\u0161\u00ed n\u00e1poje a stravu konzumujeme t\u00edm l\u00e9pe na\u0161e t\u011blo bude fungovat.<\/p>\n<p>Na z\u00e1klad\u011b nejnov\u011bj\u0161\u00edch studi\u00ed a na\u0161\u00edch poznatk\u016f jsme v \u010cesk\u00e9 republice vyvinuli zdrav\u00e9 vyv\u00e1\u017een\u00e9 n\u00e1poje dod\u00e1vaj\u00edc\u00ed t\u011blu p\u0159esn\u011b to co pot\u0159ebuje.<\/p>\n<p>JR Nutrition je pro ty, co r\u00e1di \u017eij\u00ed aktivn\u00edm zp\u016fsobem \u017eivota a o\u010dek\u00e1vaj\u00ed od sv\u00e9ho t\u011bla maximum, a\u0165 u\u017e v r\u00e1mci fyzick\u00e9ho v\u00fdkonu nebo koncentrace.<\/p>\n<p>Abychom v\u0161ak maxim\u00e1ln\u00edho v\u00fdkonu doc\u00edlili, pot\u0159ebujeme prvn\u011b dodat na\u0161emu organismu to co pot\u0159ebuje.<\/p>\n<p>Nen\u00ed to nadm\u00edra cukru ani masa, ale pe\u010dliv\u011b vyv\u00e1\u017een\u00fd mix miner\u00e1l\u016f, vitam\u00edn\u016f, kvalitn\u00edch protejn\u016f, kvalitn\u00edch tuk\u016f, vl\u00e1kniny, enzym\u016f, aminokyselin BCAA a dal\u0161\u00edch v\u00fdb\u011brov\u00fdch l\u00e1tek v pe\u010dliv\u011b vyv\u00e1\u017een\u00e9m pom\u011bru, na kter\u00e9m jsme pracovali n\u011bkolik let. Dnes v\u00e1m kone\u010dn\u011b m\u016f\u017eeme p\u0159edstavit fin\u00e1ln\u00ed produkt MAXRECO a VOLT.<\/p>\n<p>Nejsme fanou\u0161ky chemick\u00fdch l\u00e1tek v potravin\u00e1ch, nadm\u00edry cukru a surovin chemicky zpracovan\u00fdch.<br \/>Z tohoto d\u016fvodu jsou p\u0159\u00edsady v na\u0161ich n\u00e1poj\u00edch zalo\u017een\u00e9 na biopotravin\u00e1ch nejvy\u0161\u0161\u00ed kvality.<\/p>\n<ul>\n<li style=\"text-align: left;\"><strong>Bez Cukru<\/strong><\/li>\n<li style=\"text-align: left;\"><strong>Bez Um\u011bl\u00fdch Sladidel\u00a0<\/strong>(Vyu\u017e\u00edv\u00e1me extrakt ze St\u00e9vie)<\/li>\n<li style=\"text-align: left;\"><strong>Bez Um\u011bl\u00fdch Barviv<\/strong><\/li>\n<li style=\"text-align: left;\"><strong>Bez Stimulant\u016f<\/strong><\/li>\n<li style=\"text-align: left;\"><strong>Bez \u0160kodliv\u00fdch Aditiv a \u00c9\u010dek<\/strong><\/li>\n<li style=\"text-align: left;\"><strong>Bez Deriv\u00e1t\u016f<\/strong><\/li>\n<\/ul>\n<p>Pokud dod\u00e1v\u00e1me na\u0161emu organismu dlouhodob\u011b kvalitn\u00ed vyv\u00e1\u017eenou stravu, velice pozitivn\u011b to nasledn\u011b poc\u00edt\u00edme v na\u0161em ka\u017edodenn\u00edm \u017eivot\u011b na vlastn\u00ed k\u016f\u017ei.<\/p>\n<p>Jsme zkr\u00e1tka zast\u00e1nci zdrav\u00e9ho \u017eivotn\u00edho stylu, a tak jsme se rozhodli vytvo\u0159it to nejlep\u0161\u00ed, bez jak\u00fdchkoliv kompromis\u016f a vy, toho m\u016f\u017eete b\u00fdt sou\u010dast\u00ed.<\/p>\n<a href=\"\/en\/shop\/\" class=\"button primary\" style=\"border-radius:5px;padding:7px 30px 7px 30px;\">\n\t\t<span>J\u00cdT DO OBCHODU<\/span>\n\t<\/a>\n\n\n\n\t\t<\/div>\n\t\t\t\t\n<style>\n#col-2043365658 > .col-inner {\n  padding: 0px 0px 0px 0px;\n  margin: 0px 0px 0px 0px;\n}\n<\/style>\n\t<\/div>\n\n\t\n\n<\/div>\n\n\t\t<\/div>\n\n\t\t\n<style>\n#section_1258306943 {\n  padding-top: 30px;\n  padding-bottom: 30px;\n  min-height: 600px;\n}\n#section_1258306943 .section-bg-overlay {\n  background-color: rgba(0, 0, 0, 0.4);\n}\n@media (min-width:850px) {\n  #section_1258306943 {\n    min-height: 900px;\n  }\n}\n<\/style>\n\t<\/section>","protected":false},"excerpt":{"rendered":"","protected":false},"author":1,"featured_media":0,"parent":0,"menu_order":0,"comment_status":"closed","ping_status":"closed","template":"","meta":{"footnotes":""},"class_list":["post-241","page","type-page","status-publish","hentry"],"_links":{"self":[{"href":"https:\/\/jrnutrition.co\/en\/wp-json\/wp\/v2\/pages\/241","targetHints":{"allow":["GET"]}}],"collection":[{"href":"https:\/\/jrnutrition.co\/en\/wp-json\/wp\/v2\/pages"}],"about":[{"href":"https:\/\/jrnutrition.co\/en\/wp-json\/wp\/v2\/types\/page"}],"author":[{"embeddable":true,"href":"https:\/\/jrnutrition.co\/en\/wp-json\/wp\/v2\/users\/1"}],"replies":[{"embeddable":true,"href":"https:\/\/jrnutrition.co\/en\/wp-json\/wp\/v2\/comments?post=241"}],"version-history":[{"count":3,"href":"https:\/\/jrnutrition.co\/en\/wp-json\/wp\/v2\/pages\/241\/revisions"}],"predecessor-version":[{"id":379,"href":"https:\/\/jrnutrition.co\/en\/wp-json\/wp\/v2\/pages\/241\/revisions\/379"}],"wp:attachment":[{"href":"https:\/\/jrnutrition.co\/en\/wp-json\/wp\/v2\/media?parent=241"}],"curies":[{"name":"wp","href":"https:\/\/api.w.org\/{rel}","templated":true}]}}