{"id":243,"date":"2021-09-16T19:21:28","date_gmt":"2021-09-16T19:21:28","guid":{"rendered":"https:\/\/jrnutrition.co\/?page_id=243"},"modified":"2025-06-05T12:04:28","modified_gmt":"2025-06-05T12:04:28","slug":"reference","status":"publish","type":"page","link":"https:\/\/jrnutrition.co\/en\/reference\/","title":{"rendered":"Reference"},"content":{"rendered":"<div class=\"slider-wrapper relative\" id=\"slider-1809197513\" >\n    <div class=\"slider slider-nav-circle slider-nav-large slider-nav-light slider-style-normal\"\n        data-flickity-options='{            \"cellAlign\": \"center\",            \"imagesLoaded\": true,            \"lazyLoad\": 1,            \"freeScroll\": false,            \"wrapAround\": true,            \"autoPlay\": 6000,            \"pauseAutoPlayOnHover\" : true,            \"prevNextButtons\": true,            \"contain\" : true,            \"adaptiveHeight\" : true,            \"dragThreshold\" : 10,            \"percentPosition\": true,            \"pageDots\": true,            \"rightToLeft\": false,            \"draggable\": true,            \"selectedAttraction\": 0.1,            \"parallax\" : 0,            \"friction\": 0.6        }'\n        >\n        \n\n\n  <div class=\"banner has-hover\" id=\"banner-643339108\">\n          <div class=\"banner-inner fill\">\n        <div class=\"banner-bg fill\" >\n                                    <div class=\"overlay\"><\/div>            \n                    <\/div>\n\t\t\n        <div class=\"banner-layers container\">\n            <div class=\"fill banner-link\"><\/div>            \n\n   <div id=\"text-box-1607905653\" class=\"text-box banner-layer x50 md-x50 lg-x50 y50 md-y50 lg-y50 res-text\">\n                                <div class=\"text-box-content text dark\">\n              \n              <div class=\"text-inner text-center\">\n                  \n\n  <div class=\"icon-box testimonial-box icon-box-left text-left\">\n                <div class=\"icon-box-img testimonial-image circle\" style=\"width: 142px\">\n              <img loading=\"lazy\" decoding=\"async\" width=\"280\" height=\"280\" src=\"https:\/\/jrnutrition.co\/wp-content\/uploads\/2021\/09\/Lukas-Circl-280x280.png\" class=\"attachment-thumbnail size-thumbnail\" alt=\"Luk\u00e1\u0161 Pabi\u0161ka\" srcset=\"https:\/\/jrnutrition.co\/wp-content\/uploads\/2021\/09\/Lukas-Circl-280x280.png 280w, https:\/\/jrnutrition.co\/wp-content\/uploads\/2021\/09\/Lukas-Circl-400x400.png 400w, https:\/\/jrnutrition.co\/wp-content\/uploads\/2021\/09\/Lukas-Circl-800x800.png 800w, https:\/\/jrnutrition.co\/wp-content\/uploads\/2021\/09\/Lukas-Circl-768x768.png 768w, https:\/\/jrnutrition.co\/wp-content\/uploads\/2021\/09\/Lukas-Circl-300x300.png 300w, https:\/\/jrnutrition.co\/wp-content\/uploads\/2021\/09\/Lukas-Circl-600x600.png 600w, https:\/\/jrnutrition.co\/wp-content\/uploads\/2021\/09\/Lukas-Circl-100x100.png 100w, https:\/\/jrnutrition.co\/wp-content\/uploads\/2021\/09\/Lukas-Circl.png 1462w\" sizes=\"auto, (max-width: 280px) 100vw, 280px\" \/>        <\/div>\n                <div class=\"icon-box-text p-last-0\">\n          <div class=\"star-rating\" role=\"img\" aria-label=\"Rated 5 out of 5\"><span style=\"width:100%\"><strong class=\"rating\"><\/strong><\/span><\/div>  \t\t\t\t<div class=\"testimonial-text line-height-small italic test_text first-reset last-reset is-italic\">\n            \n\n<p class=\"lead\">JR Nutrition je kone\u010dn\u011b zna\u010dka, zam\u011b\u0159uj\u00edc\u00ed se na zdrav\u00e9, sportovn\u00ed a vyv\u00e1\u017een\u00e9 produkty. Volt a MaxReco u\u017e\u00edv\u00e1m pravideln\u011b a mus\u00edm \u0159\u00edct, \u017ee se po nich c\u00edt\u00edm skv\u011ble.<\/p>\n\n          <\/div>\n          <div class=\"testimonial-meta pt-half\">\n             <strong class=\"testimonial-name test_name\">Luk\u00e1\u0161 Pabi\u0161ka<\/strong>\n             <span class=\"testimonial-name-divider\"> \/ <\/span>             <span class=\"testimonial-company test_company\">extraligov\u00fd hokejista<\/span>\n          <\/div>\n        <\/div>\n  <\/div>\n\n  \n\n              <\/div>\n           <\/div>\n                            \n<style>\n#text-box-1607905653 {\n  width: 100%;\n}\n#text-box-1607905653 .text-box-content {\n  font-size: 100%;\n}\n@media (min-width:550px) {\n  #text-box-1607905653 {\n    width: 78%;\n  }\n}\n<\/style>\n    <\/div>\n \n\n        <\/div>\n      <\/div>\n\n            \n<style>\n#banner-643339108 {\n  padding-top: 378px;\n}\n#banner-643339108 .overlay {\n  background-color: rgba(0, 0, 0, 0.68);\n}\n#banner-643339108 .banner-bg img {\n  object-position: 79% 68%;\n}\n<\/style>\n  <\/div>\n\n\n\n  <div class=\"banner has-hover\" id=\"banner-2072836383\">\n          <div class=\"banner-inner fill\">\n        <div class=\"banner-bg fill\" >\n                                    <div class=\"overlay\"><\/div>            \n                    <\/div>\n\t\t\n        <div class=\"banner-layers container\">\n            <div class=\"fill banner-link\"><\/div>            \n\n   <div id=\"text-box-2118883851\" class=\"text-box banner-layer x50 md-x50 lg-x50 y50 md-y50 lg-y50 res-text\">\n                                <div class=\"text-box-content text dark\">\n              \n              <div class=\"text-inner text-center\">\n                  \n\n  <div class=\"icon-box testimonial-box icon-box-left text-left\">\n                <div class=\"icon-box-img testimonial-image circle\" style=\"width: 142px\">\n              <img loading=\"lazy\" decoding=\"async\" width=\"280\" height=\"280\" src=\"https:\/\/jrnutrition.co\/wp-content\/uploads\/2021\/09\/Adam-Kopecky_-doporucuje-JR-Nutrition-600x599-1-280x280.png\" class=\"attachment-thumbnail size-thumbnail\" alt=\"Adam Kopeck\u00fd\" srcset=\"https:\/\/jrnutrition.co\/wp-content\/uploads\/2021\/09\/Adam-Kopecky_-doporucuje-JR-Nutrition-600x599-1-280x280.png 280w, https:\/\/jrnutrition.co\/wp-content\/uploads\/2021\/09\/Adam-Kopecky_-doporucuje-JR-Nutrition-600x599-1-401x400.png 401w, https:\/\/jrnutrition.co\/wp-content\/uploads\/2021\/09\/Adam-Kopecky_-doporucuje-JR-Nutrition-600x599-1-300x300.png 300w, https:\/\/jrnutrition.co\/wp-content\/uploads\/2021\/09\/Adam-Kopecky_-doporucuje-JR-Nutrition-600x599-1-100x100.png 100w, https:\/\/jrnutrition.co\/wp-content\/uploads\/2021\/09\/Adam-Kopecky_-doporucuje-JR-Nutrition-600x599-1.png 600w\" sizes=\"auto, (max-width: 280px) 100vw, 280px\" \/>        <\/div>\n                <div class=\"icon-box-text p-last-0\">\n          <div class=\"star-rating\" role=\"img\" aria-label=\"Rated 5 out of 5\"><span style=\"width:100%\"><strong class=\"rating\"><\/strong><\/span><\/div>  \t\t\t\t<div class=\"testimonial-text line-height-small italic test_text first-reset last-reset is-italic\">\n            \n\n<p class=\"lead\"><span style=\"font-size: 115%;\">Hledal jsem zdrav\u00e9 sportovn\u00ed produkty pro p\u0159irozenou podporu sv\u00e9ho v\u00fdkonu a soust\u0159ed\u011bn\u00ed. Nyn\u00ed jsem nadm\u00edru spokojen\u00fd, \u017ee jsem narazil na Volt a Maxreco n\u00e1poje, kter\u00e9 pokryj\u00ed m\u016fj aktivn\u00ed \u010das a regeneraci.<\/span><\/p>\n\n          <\/div>\n          <div class=\"testimonial-meta pt-half\">\n             <strong class=\"testimonial-name test_name\">Adam Kopeck\u00fd<\/strong>\n             <span class=\"testimonial-name-divider\"> \/ <\/span>             <span class=\"testimonial-company test_company\">mistr sv\u011bta v judu<\/span>\n          <\/div>\n        <\/div>\n  <\/div>\n\n  \n\n              <\/div>\n           <\/div>\n                            \n<style>\n#text-box-2118883851 {\n  width: 100%;\n}\n#text-box-2118883851 .text-box-content {\n  font-size: 100%;\n}\n@media (min-width:550px) {\n  #text-box-2118883851 {\n    width: 78%;\n  }\n}\n<\/style>\n    <\/div>\n \n\n        <\/div>\n      <\/div>\n\n            \n<style>\n#banner-2072836383 {\n  padding-top: 378px;\n}\n#banner-2072836383 .overlay {\n  background-color: rgba(0, 0, 0, 0.68);\n}\n#banner-2072836383 .banner-bg img {\n  object-position: 79% 68%;\n}\n<\/style>\n  <\/div>\n\n\n\n  <div class=\"banner has-hover\" id=\"banner-1444568021\">\n          <div class=\"banner-inner fill\">\n        <div class=\"banner-bg fill\" >\n                                    <div class=\"overlay\"><\/div>            \n                    <\/div>\n\t\t\n        <div class=\"banner-layers container\">\n            <div class=\"fill banner-link\"><\/div>            \n\n   <div id=\"text-box-294978453\" class=\"text-box banner-layer x50 md-x50 lg-x50 y50 md-y50 lg-y50 res-text\">\n                                <div class=\"text-box-content text dark\">\n              \n              <div class=\"text-inner text-center\">\n                  \n\n  <div class=\"icon-box testimonial-box icon-box-left text-left\">\n                <div class=\"icon-box-img testimonial-image circle\" style=\"width: 142px\">\n              <img loading=\"lazy\" decoding=\"async\" width=\"200\" height=\"200\" src=\"https:\/\/jrnutrition.co\/wp-content\/uploads\/2025\/06\/465691530_9032715923413254_8825378682208912055_n.jpg\" class=\"attachment-thumbnail size-thumbnail\" alt=\"Jr nutrition\" srcset=\"https:\/\/jrnutrition.co\/wp-content\/uploads\/2025\/06\/465691530_9032715923413254_8825378682208912055_n.jpg 200w, https:\/\/jrnutrition.co\/wp-content\/uploads\/2025\/06\/465691530_9032715923413254_8825378682208912055_n-12x12.jpg 12w, https:\/\/jrnutrition.co\/wp-content\/uploads\/2025\/06\/465691530_9032715923413254_8825378682208912055_n-100x100.jpg 100w\" sizes=\"auto, (max-width: 200px) 100vw, 200px\" \/>        <\/div>\n                <div class=\"icon-box-text p-last-0\">\n          <div class=\"star-rating\" role=\"img\" aria-label=\"Rated 5 out of 5\"><span style=\"width:100%\"><strong class=\"rating\"><\/strong><\/span><\/div>  \t\t\t\t<div class=\"testimonial-text line-height-small italic test_text first-reset last-reset is-italic\">\n            \n\n<p class=\"lead\">Po tr\u00e9ninku, a zvl\u00e1\u0161\u0165 po opravdov\u00e9m tr\u00e9ninku, je d\u016fle\u017eit\u00e9 se naj\u00edst, doplnit \u017eiviny, miner\u00e1ly a vitam\u00edny. A na to nesta\u010d\u00ed sn\u00edst ban\u00e1n nebo si zaj\u00edt do \u201cMek\u00e1\u010de\u201d. To pot\u0159ebuje komplexn\u00ed, vyv\u00e1\u017eenou stravu. A to nab\u00edz\u00ed pr\u00e1v\u011b Maxreco. A m\u00fdmu klukovi chutn\u00e1. D\u011bl\u00e1 si ho ob\u010das i doma, t\u0159eba m\u00edsto ve\u010de\u0159e. Tak\u017ee za m\u011b \ud83d\udc4d<\/p>\n\n          <\/div>\n          <div class=\"testimonial-meta pt-half\">\n             <strong class=\"testimonial-name test_name\">Milo\u0161 Volek<\/strong>\n             <span class=\"testimonial-name-divider\"> \/ <\/span>             <span class=\"testimonial-company test_company\">sportovec<\/span>\n          <\/div>\n        <\/div>\n  <\/div>\n\n  \n\n              <\/div>\n           <\/div>\n                            \n<style>\n#text-box-294978453 {\n  width: 100%;\n}\n#text-box-294978453 .text-box-content {\n  font-size: 100%;\n}\n@media (min-width:550px) {\n  #text-box-294978453 {\n    width: 78%;\n  }\n}\n<\/style>\n    <\/div>\n \n\n        <\/div>\n      <\/div>\n\n            \n<style>\n#banner-1444568021 {\n  padding-top: 378px;\n}\n#banner-1444568021 .overlay {\n  background-color: rgba(0, 0, 0, 0.68);\n}\n#banner-1444568021 .banner-bg img {\n  object-position: 79% 68%;\n}\n<\/style>\n  <\/div>\n\n\n\n     <\/div>\n\n     <div class=\"loading-spin dark large centered\"><\/div>\n\n\t<\/div>","protected":false},"excerpt":{"rendered":"","protected":false},"author":1,"featured_media":0,"parent":0,"menu_order":0,"comment_status":"closed","ping_status":"closed","template":"","meta":{"footnotes":""},"class_list":["post-243","page","type-page","status-publish","hentry"],"_links":{"self":[{"href":"https:\/\/jrnutrition.co\/en\/wp-json\/wp\/v2\/pages\/243","targetHints":{"allow":["GET"]}}],"collection":[{"href":"https:\/\/jrnutrition.co\/en\/wp-json\/wp\/v2\/pages"}],"about":[{"href":"https:\/\/jrnutrition.co\/en\/wp-json\/wp\/v2\/types\/page"}],"author":[{"embeddable":true,"href":"https:\/\/jrnutrition.co\/en\/wp-json\/wp\/v2\/users\/1"}],"replies":[{"embeddable":true,"href":"https:\/\/jrnutrition.co\/en\/wp-json\/wp\/v2\/comments?post=243"}],"version-history":[{"count":3,"href":"https:\/\/jrnutrition.co\/en\/wp-json\/wp\/v2\/pages\/243\/revisions"}],"predecessor-version":[{"id":598,"href":"https:\/\/jrnutrition.co\/en\/wp-json\/wp\/v2\/pages\/243\/revisions\/598"}],"wp:attachment":[{"href":"https:\/\/jrnutrition.co\/en\/wp-json\/wp\/v2\/media?parent=243"}],"curies":[{"name":"wp","href":"https:\/\/api.w.org\/{rel}","templated":true}]}}