{"id":247,"date":"2021-09-16T19:22:33","date_gmt":"2021-09-16T19:22:33","guid":{"rendered":"https:\/\/jrnutrition.co\/?page_id=247"},"modified":"2025-06-18T14:22:09","modified_gmt":"2025-06-18T14:22:09","slug":"ambasador-program","status":"publish","type":"page","link":"https:\/\/jrnutrition.co\/en\/ambasador-program\/","title":{"rendered":"Ambas\u00e1dor program"},"content":{"rendered":"<section class=\"section\" id=\"section_699796991\">\n\t\t<div class=\"section-bg fill\" >\n\t\t\t<img loading=\"lazy\" decoding=\"async\" width=\"960\" height=\"639\" src=\"https:\/\/jrnutrition.co\/wp-content\/uploads\/2025\/06\/Navrh-bez-nazvu-3.jpg\" class=\"bg attachment-original size-original\" alt=\"Ambasador\" \/>\t\t\t\t\t\t\n\t\t\t\n\n\t\t<\/div>\n\n\t\t\n\n\t\t<div class=\"section-content relative\">\n\t\t\t\n\n\t<div id=\"gap-1270383851\" class=\"gap-element clearfix\" style=\"display:block; height:auto;\">\n\t\t\n<style>\n#gap-1270383851 {\n  padding-top: 30px;\n}\n<\/style>\n\t<\/div>\n\t\n\n<div class=\"row\"  id=\"row-1761041935\">\n\n\n\t<div id=\"col-1629586800\" class=\"col small-12 large-12\"  >\n\t\t\t\t<div class=\"col-inner\" style=\"background-color:rgba(255, 255, 255, 0.9);\" >\n\t\t\t\n\t\t\t\n\n<div class=\"row align-middle align-center\"  id=\"row-1848911564\">\n\n\n\t<div id=\"col-1703109790\" class=\"col medium-9 small-12 large-6\"  >\n\t\t\t\t<div class=\"col-inner text-center\"  >\n\t\t\t\n\t\t\t\n\n\t<div id=\"text-4289781493\" class=\"text\">\n\t\t\n\n<div class=\"fusion-title title fusion-title-1 fusion-sep-none fusion-title-center fusion-title-text fusion-title-size-two fusion-border-below-title\">\n<h2 class=\"title-heading-center fusion-responsive-typography-calculated\"><span style=\"font-size: 85%;\">STA\u0147 SE NA\u0160\u00cd TV\u00c1\u0158\u00cd<\/span><\/h2>\n<\/div>\n\t\t\n<style>\n#text-4289781493 {\n  font-size: 1.5rem;\n}\n<\/style>\n\t<\/div>\n\t\n<p data-renderer-start-pos=\"1\"><strong data-renderer-mark=\"true\">\u00a0SPOLUPR\u00c1CE PRO INFLUENCERY A SPORTOVCE<\/strong><\/p>\n<p data-renderer-start-pos=\"43\">Jsme \u010desk\u00e1 zna\u010dka <strong data-renderer-mark=\"true\">JR Nutrition<\/strong> (<a class=\"css-1rn59kg\" title=\"https:\/\/www.jrnutrition.co\" href=\"https:\/\/jrnutrition.co\/en\/\" data-testid=\"link-with-safety\" data-renderer-mark=\"true\">www.jrnutrition.co<\/a>) a hled\u00e1me aktivn\u00ed a autentick\u00e9 tv\u016frce obsahu, kte\u0159\u00ed by s n\u00e1mi cht\u011bli nav\u00e1zat <strong data-renderer-mark=\"true\">dlouhodobou spolupr\u00e1ci<\/strong>.<\/p>\n<p data-renderer-start-pos=\"211\">Vyr\u00e1b\u00edme pr\u00e9miov\u00e9 <strong data-renderer-mark=\"true\">iontov\u00e9 n\u00e1poje, aminokyseliny a produkty pro regeneraci<\/strong> \u2013 ide\u00e1ln\u00ed pro sportovce, aktivn\u00ed \u017eivotn\u00ed styl i v\u0161echny, kdo cht\u011bj\u00ed dopl\u0148ovat energii kvalitn\u011b a efektivn\u011b.<\/p>\n<p data-renderer-start-pos=\"394\">Hled\u00e1me influencery nebo sportovce, kte\u0159\u00ed:<\/p>\n<ul class=\"ak-ul\" data-indent-level=\"1\">\n<li>\n<p data-renderer-start-pos=\"425\">se zaj\u00edmaj\u00ed o sport, fitness, zdrav\u00fd \u017eivotn\u00ed styl nebo v\u00fd\u017eivu,<\/p>\n<\/li>\n<li>\n<p data-renderer-start-pos=\"491\">maj\u00ed chu\u0165 testovat produkty a sd\u00edlet autentick\u00e9 zku\u0161enosti se sv\u00fdm publikem,<\/p>\n<\/li>\n<li>\n<p data-renderer-start-pos=\"571\">preferuj\u00ed f\u00e9rovou a smysluplnou spolupr\u00e1ci, ne jen \u201ejednor\u00e1zov\u00fd post\u201c.<\/p>\n<\/li>\n<\/ul>\n<p data-renderer-start-pos=\"645\">Co nab\u00edz\u00edme:<\/p>\n<ul class=\"ak-ul\" data-indent-level=\"1\">\n<li>\n<p data-renderer-start-pos=\"661\">bal\u00ed\u010dek produkt\u016f na vyzkou\u0161en\u00ed (dle domluvy),<\/p>\n<\/li>\n<li>\n<p data-renderer-start-pos=\"710\">zaj\u00edmav\u00e9 finan\u010dn\u00ed ohodnocen\u00ed nebo affiliate syst\u00e9m,<\/p>\n<\/li>\n<li>\n<p data-renderer-start-pos=\"765\">mo\u017enost st\u00e1t se tv\u00e1\u0159\u00ed zna\u010dky a r\u016fst s n\u00e1mi.<\/p>\n<\/li>\n<\/ul>\n<p data-renderer-start-pos=\"812\">Pokud t\u011b to zaujalo, dej n\u00e1m v\u011bd\u011bt\u00a0 a vypl\u0148 formul\u00e1\u0159 vedle \u2013 r\u00e1di se ozveme s v\u00edce detaily.<br \/>T\u011b\u0161\u00edme se na spolupr\u00e1ci! \ud83d\udcaa<\/p>\n<p data-renderer-start-pos=\"909\">T\u00fdm <strong data-renderer-mark=\"true\">JR Nutrition<\/strong><\/p>\n\n\t\t<\/div>\n\t\t\t\t\n<style>\n#col-1703109790 > .col-inner {\n  padding: 0px 0px 0px 0px;\n}\n@media (min-width:550px) {\n  #col-1703109790 > .col-inner {\n    padding: 40px 0px 0px 0px;\n  }\n}\n@media (min-width:850px) {\n  #col-1703109790 > .col-inner {\n    padding: 0px 10% 0px 5%;\n  }\n}\n<\/style>\n\t<\/div>\n\n\t\n\n\t<div id=\"col-1228950552\" class=\"col medium-12 small-12 large-6\"  >\n\t\t\t\t<div class=\"col-inner\"  >\n\t\t\t\n\t\t\t\n\n\n<div class=\"wpcf7 no-js\" id=\"wpcf7-f368-o1\" lang=\"cs-CZ\" dir=\"ltr\" data-wpcf7-id=\"368\">\n<div class=\"screen-reader-response\"><p role=\"status\" aria-live=\"polite\" aria-atomic=\"true\"><\/p> <ul><\/ul><\/div>\n<form action=\"\/en\/wp-json\/wp\/v2\/pages\/247#wpcf7-f368-o1\" method=\"post\" class=\"wpcf7-form init\" aria-label=\"Kontaktn\u00ed formul\u00e1\u0159\" novalidate=\"novalidate\" data-status=\"init\" data-trp-original-action=\"\/en\/wp-json\/wp\/v2\/pages\/247#wpcf7-f368-o1\">\n<fieldset class=\"hidden-fields-container\"><input type=\"hidden\" name=\"_wpcf7\" value=\"368\" \/><input type=\"hidden\" name=\"_wpcf7_version\" value=\"6.1.5\" \/><input type=\"hidden\" name=\"_wpcf7_locale\" value=\"cs_CZ\" \/><input type=\"hidden\" name=\"_wpcf7_unit_tag\" value=\"wpcf7-f368-o1\" \/><input type=\"hidden\" name=\"_wpcf7_container_post\" value=\"0\" \/><input type=\"hidden\" name=\"_wpcf7_posted_data_hash\" value=\"\" \/>\n<\/fieldset>\n<p><label> Va\u0161e jm\u00e9no (povinn\u00e9)<br \/>\n<span class=\"wpcf7-form-control-wrap\" data-name=\"your-name\"><input size=\"40\" maxlength=\"400\" class=\"wpcf7-form-control wpcf7-text wpcf7-validates-as-required\" aria-required=\"true\" aria-invalid=\"false\" value=\"\" type=\"text\" name=\"your-name\" \/><\/span> <\/label>\n<\/p>\n<p><label> V\u00e1\u0161 Email (povinn\u00e9)<br \/>\n<span class=\"wpcf7-form-control-wrap\" data-name=\"your-email\"><input size=\"40\" maxlength=\"400\" class=\"wpcf7-form-control wpcf7-email wpcf7-validates-as-required wpcf7-text wpcf7-validates-as-email\" aria-required=\"true\" aria-invalid=\"false\" value=\"\" type=\"email\" name=\"your-email\" \/><\/span> <\/label>\n<\/p>\n<p><label>V\u00e1\u0161 telefon (povinn\u00e9)<br \/>\n<span class=\"wpcf7-form-control-wrap\" data-name=\"tel-918\"><input size=\"40\" maxlength=\"400\" class=\"wpcf7-form-control wpcf7-tel wpcf7-text wpcf7-validates-as-tel\" aria-invalid=\"false\" value=\"\" type=\"tel\" name=\"tel-918\" \/><\/span><\/label>\n<\/p>\n<p><label>Url odkaz na V\u00e1\u0161 Facebook profil (povinn\u00e9)<br \/>\n<span class=\"wpcf7-form-control-wrap\" data-name=\"url-969\"><input size=\"40\" maxlength=\"400\" class=\"wpcf7-form-control wpcf7-url wpcf7-validates-as-required wpcf7-text wpcf7-validates-as-url V odkaz na Facebook profil\" id=\"VodkaznaFacebookprofil\" aria-required=\"true\" aria-invalid=\"false\" value=\"\" type=\"url\" name=\"url-969\" \/><\/span><\/label>\n<\/p>\n<p><label> Url odkaz na V\u00e1\u0161 Instagram profil (povinn\u00e9)<br \/>\n<span class=\"wpcf7-form-control-wrap\" data-name=\"url-970\"><input size=\"40\" maxlength=\"400\" class=\"wpcf7-form-control wpcf7-url wpcf7-validates-as-required wpcf7-text wpcf7-validates-as-url V odkaz na Instagram profil\" id=\"VodkaznaInstagramprofil\" aria-required=\"true\" aria-invalid=\"false\" value=\"\" type=\"url\" name=\"url-970\" \/><\/span><\/label>\n<\/p>\n<p><span class=\"wpcf7-form-control-wrap\" data-name=\"acceptance-839\"><span class=\"wpcf7-form-control wpcf7-acceptance\"><span class=\"wpcf7-list-item\"><label><input type=\"checkbox\" name=\"acceptance-839\" value=\"1\" class=\"souhlas\" aria-invalid=\"false\" \/><span class=\"wpcf7-list-item-label\">Souhlas\u00edm se zpracov\u00e1n\u00edm osobn\u00edch \u00fadaj\u016f.<\/span><\/label><\/span><\/span><\/span>\n<\/p>\n<p><input class=\"wpcf7-form-control wpcf7-submit has-spinner\" type=\"submit\" value=\"ODESLAT\" \/>\n<\/p><div class=\"wpcf7-response-output\" aria-hidden=\"true\"><\/div>\n<input type=\"hidden\" name=\"trp-form-language\" value=\"en\"\/><\/form>\n<\/div>\n\n\n\n\t\t<\/div>\n\t\t\t\t\n<style>\n#col-1228950552 > .col-inner {\n  margin: 20px 0px 0px 0px;\n}\n<\/style>\n\t<\/div>\n\n\t\n\n<\/div>\n\n\t\t<\/div>\n\t\t\t\t\n<style>\n#col-1629586800 > .col-inner {\n  padding: 50px 30px 0px 30px;\n  border-radius: 10px;\n}\n@media (min-width:550px) {\n  #col-1629586800 > .col-inner {\n    padding: 30px 30px 0px 30px;\n  }\n}\n@media (min-width:850px) {\n  #col-1629586800 > .col-inner {\n    padding: 60px 60px 20px 60px;\n  }\n}\n<\/style>\n\t<\/div>\n\n\t\n\n<\/div>\n\n\t\t<\/div>\n\n\t\t\n<style>\n#section_699796991 {\n  padding-top: 50px;\n  padding-bottom: 50px;\n  min-height: 450px;\n}\n#section_699796991 .section-bg img {\n  object-position: 9% 64%;\n}\n<\/style>\n\t<\/section>","protected":false},"excerpt":{"rendered":"","protected":false},"author":1,"featured_media":0,"parent":0,"menu_order":0,"comment_status":"closed","ping_status":"closed","template":"","meta":{"footnotes":""},"class_list":["post-247","page","type-page","status-publish","hentry"],"_links":{"self":[{"href":"https:\/\/jrnutrition.co\/en\/wp-json\/wp\/v2\/pages\/247","targetHints":{"allow":["GET"]}}],"collection":[{"href":"https:\/\/jrnutrition.co\/en\/wp-json\/wp\/v2\/pages"}],"about":[{"href":"https:\/\/jrnutrition.co\/en\/wp-json\/wp\/v2\/types\/page"}],"author":[{"embeddable":true,"href":"https:\/\/jrnutrition.co\/en\/wp-json\/wp\/v2\/users\/1"}],"replies":[{"embeddable":true,"href":"https:\/\/jrnutrition.co\/en\/wp-json\/wp\/v2\/comments?post=247"}],"version-history":[{"count":7,"href":"https:\/\/jrnutrition.co\/en\/wp-json\/wp\/v2\/pages\/247\/revisions"}],"predecessor-version":[{"id":644,"href":"https:\/\/jrnutrition.co\/en\/wp-json\/wp\/v2\/pages\/247\/revisions\/644"}],"wp:attachment":[{"href":"https:\/\/jrnutrition.co\/en\/wp-json\/wp\/v2\/media?parent=247"}],"curies":[{"name":"wp","href":"https:\/\/api.w.org\/{rel}","templated":true}]}}