{"id":606,"date":"2025-06-05T13:28:44","date_gmt":"2025-06-05T13:28:44","guid":{"rendered":"https:\/\/jrnutrition.co\/?page_id=606"},"modified":"2025-06-05T14:29:58","modified_gmt":"2025-06-05T14:29:58","slug":"obchodni-podminky","status":"publish","type":"page","link":"https:\/\/jrnutrition.co\/en\/obchodni-podminky\/","title":{"rendered":"Obchodn\u00ed podm\u00ednky"},"content":{"rendered":"<h1>Obchodn\u00ed podm\u00ednky<\/h1>\n<ol>\n<li style=\"font-weight: 400;\">\n<h3>\u00davodn\u00ed ustanoven\u00ed<\/h3>\n<\/li>\n<\/ol>\n<p style=\"font-weight: 400;\">Tyto obchodn\u00ed podm\u00ednky bl\u00ed\u017ee vymezuj\u00ed a up\u0159es\u0148uj\u00ed pr\u00e1va a povinnosti prod\u00e1vaj\u00edc\u00edho a kupuj\u00edc\u00edho v r\u00e1mci smluvn\u00edch vztah\u016f uzav\u0159en\u00fdch prost\u0159ednictv\u00edm internetov\u00e9ho obchodu <a href=\"https:\/\/jrnutrition.co\/en\/\">www.jrnutrition.co<\/a>\u00a0 S t\u011bmito obchodn\u00edmi podm\u00ednkami m\u00e1 kupuj\u00edc\u00ed mo\u017enost se sezn\u00e1mit p\u0159ed odesl\u00e1n\u00edm sv\u00e9 objedn\u00e1vky a je na n\u011b dostate\u010dn\u011b p\u0159edem upozorn\u011bn. Kupuj\u00edc\u00ed odesl\u00e1n\u00edm sv\u00e9 objedn\u00e1vky potvrzuje, \u017ee se s t\u011bmito obchodn\u00edmi podm\u00ednkami sezn\u00e1mil a \u017ee s nimi souhlas\u00ed.<\/p>\n<p style=\"font-weight: 400;\">Prod\u00e1vaj\u00edc\u00edm a provozovatelem internetov\u00e9ho obchodu www.prohockeytraining.cz je PRO HS, s.r.o. se s\u00eddlem v Liberci, K\u0159iv\u00e1 1711, 46311, I\u010cO: 04730283.<\/p>\n<p style=\"font-weight: 400;\">Ve\u0161ker\u00e9 smluvn\u00ed vztahy se \u0159\u00edd\u00ed pr\u00e1vn\u00edm \u0159\u00e1dem \u010cesk\u00e9 republiky.<\/p>\n<ol start=\"2\">\n<li style=\"font-weight: 400;\">\n<h3>Vymezen\u00ed pojm\u016f<\/h3>\n<\/li>\n<\/ol>\n<ul>\n<li><strong>Spot\u0159ebitelsk\u00e1 smlouva<\/strong>\u2013 smlouva kupn\u00ed, smlouva o d\u00edlo, p\u0159\u00edpadn\u011b jin\u00e9 smlouvy dle ob\u010dansk\u00e9ho z\u00e1kon\u00edku, pokud smluvn\u00edmi stranami jsou na jedn\u00e9 stran\u011b spot\u0159ebitel a na druh\u00e9 stran\u011b prod\u00e1vaj\u00edc\u00ed.<\/li>\n<li><strong>Spot\u0159ebitel<\/strong>\u2013 je fyzick\u00e1 osoba, kter\u00e1 p\u0159i uzav\u00edr\u00e1n\u00ed a pln\u011bn\u00ed smlouvy nejedn\u00e1 v r\u00e1mci sv\u00e9 obchodn\u00ed nebo jin\u00e9 podnikatelsk\u00e9 \u010dinnosti nebo v r\u00e1mci samostatn\u00e9ho v\u00fdkonu sv\u00e9ho povol\u00e1n\u00ed.<\/li>\n<\/ul>\n<ol start=\"3\">\n<li style=\"font-weight: 400;\">\n<h3>Uzav\u0159en\u00ed kupn\u00ed smlouvy<\/h3>\n<\/li>\n<\/ol>\n<p style=\"font-weight: 400;\">Kupuj\u00edc\u00ed si vybere zbo\u017e\u00ed na e-shopu: <a href=\"https:\/\/jrnutrition.co\/en\/\">www.jrnutrition.co<\/a> , kter\u00e9 vlo\u017e\u00ed do ko\u0161\u00edku a vypln\u00ed sv\u00e9 \u00fadaje a zaplat\u00ed \u010d\u00e1stku za zbo\u017e\u00ed p\u0159es platebn\u00ed br\u00e1nu nebo bankovn\u00edm p\u0159evodem.\u00a0<\/p>\n<ol start=\"4\">\n<li>\n<h3>Pravideln\u00e9 m\u011bs\u00ed\u010dn\u00ed \u010dlenstv\u00ed a zas\u00edl\u00e1n\u00ed zbo\u017e\u00ed<\/h3>\n<\/li>\n<\/ol>\n<p data-start=\"166\" data-end=\"636\">Zakoupen\u00edm m\u011bs\u00ed\u010dn\u00edho \u010dlenstv\u00ed z\u00e1kazn\u00edk souhlas\u00ed s pravideln\u00fdm m\u011bs\u00ed\u010dn\u00edm strh\u00e1v\u00e1n\u00edm \u010d\u00e1stky z platebn\u00ed karty pou\u017eit\u00e9 p\u0159i prvn\u00edm n\u00e1kupu. \u010c\u00e1stka za \u010dlenstv\u00ed bude automaticky str\u017eena ka\u017ed\u00fd m\u011bs\u00edc ve stejn\u00fd den, jak\u00fd odpov\u00edd\u00e1 dni prvn\u00edho n\u00e1kupu (nap\u0159. p\u0159i n\u00e1kupu 5. dne v m\u011bs\u00edci bude \u010d\u00e1stka strh\u00e1v\u00e1na v\u017edy 5. den n\u00e1sleduj\u00edc\u00edch m\u011bs\u00edc\u016f). Odesl\u00e1n\u00ed sportovn\u00edho n\u00e1poje VOLT prob\u00edh\u00e1 pravideln\u011b ka\u017ed\u00fd m\u011bs\u00edc po \u00fasp\u011b\u0161n\u00e9m str\u017een\u00ed platby, ve stejn\u00fd kalend\u00e1\u0159n\u00ed den, kdy byla \u010d\u00e1stka str\u017eena.<\/p>\n<p data-start=\"638\" data-end=\"805\">Z\u00e1kazn\u00edk m\u016f\u017ee sv\u00e9 \u010dlenstv\u00ed kdykoliv zru\u0161it zasl\u00e1n\u00edm po\u017eadavku na e-mailovou adresu <a href=\"\/en\/jares@jrhockey.cz\/\">jares@jrhockey.cz<\/a> . Zru\u0161en\u00ed \u010dlenstv\u00ed bude platn\u00e9 od n\u00e1sleduj\u00edc\u00edho faktura\u010dn\u00edho obdob\u00ed. P\u0159\u00edpadn\u011b ve sv\u00e9m \u00fa\u010dtu v sekci p\u0159edplatn\u00e9.<\/p>\n<ol start=\"4\">\n<li style=\"font-weight: 400;\">\n<h3>Odstoupen\u00ed spot\u0159ebitele od smlouvy dle \u00a7 1829 odst. 1 ob\u010dansk\u00e9ho z\u00e1kon\u00edku<\/h3>\n<\/li>\n<\/ol>\n<p style=\"font-weight: 400;\">Kupuj\u00edc\u00ed m\u00e1 pr\u00e1vo odstoupit od smlouvy bez ud\u00e1n\u00ed d\u016fvodu ve lh\u016ft\u011b 14 dn\u016f od koup\u011b.<\/p>\n<p style=\"font-weight: 400;\">Pro \u00fa\u010dely uplatn\u011bn\u00ed pr\u00e1va na odstoupen\u00ed od smlouvy mus\u00ed spot\u0159ebitel o sv\u00e9m odstoupen\u00ed od t\u00e9to smlouvy informovat prod\u00e1vaj\u00edc\u00edho, PRO HS, s.r.o,\u00a0se s\u00eddlem v Liberci, K\u0159iv\u00e1 1711, PS\u010c 46311, I\u010cO: 04730283,\u00a0 e-mailem na adresu:\u00a0<a href=\"\/en\/jares@jrhockey.cz\/\">jares@jrhockey.cz<\/a>\u00a0. Aby byla dodr\u017eena lh\u016fta pro odstoupen\u00ed od t\u00e9to smlouvy, posta\u010duje odeslat odstoupen\u00ed od smlouvy p\u0159ed uplynut\u00edm p\u0159\u00edslu\u0161n\u00e9 lh\u016fty.<\/p>\n<p style=\"font-weight: 400;\">Pokud spot\u0159ebitel odstoup\u00ed od kupn\u00ed smlouvy, budou mu Prod\u00e1vaj\u00edc\u00edm vr\u00e1ceny bez zbyte\u010dn\u00e9ho odkladu, nejpozd\u011bji do 14 dn\u016f ode dne, kdy prod\u00e1vaj\u00edc\u00edmu dojde ozn\u00e1men\u00ed o odstoupen\u00ed od kupn\u00ed smlouvy, v\u0161echny platby, kter\u00e9 od spot\u0159ebitele obdr\u017eel, v\u010detn\u011b n\u00e1klad\u016f na dod\u00e1n\u00ed (krom\u011b dodate\u010dn\u00fdch n\u00e1klad\u016f vznikl\u00fdch v d\u016fsledku zvolen\u00e9ho zp\u016fsobu dod\u00e1n\u00ed, kter\u00fd je jin\u00fd ne\u017e nejlevn\u011bj\u0161\u00ed zp\u016fsob standardn\u00edho dod\u00e1n\u00ed nab\u00edzen\u00fd prod\u00e1vaj\u00edc\u00edm). Pro vr\u00e1cen\u00ed plateb pou\u017eije prod\u00e1vaj\u00edc\u00ed stejn\u00fd platebn\u00ed prost\u0159edek, kter\u00fd spot\u0159ebitel pou\u017eil pro proveden\u00ed po\u010d\u00e1te\u010dn\u00ed transakce, pokud spot\u0159ebitel v\u00fdslovn\u011b neur\u010dil jinak. V \u017e\u00e1dn\u00e9m p\u0159\u00edpad\u011b t\u00edm nevzniknou spot\u0159ebiteli dal\u0161\u00ed n\u00e1klady. Pokud jde o zbo\u017e\u00ed a ne soust\u0159ed\u011bn\u00ed platbu vr\u00e1t\u00ed prod\u00e1vaj\u00edc\u00ed a\u017e po obdr\u017een\u00ed vr\u00e1cen\u00e9ho zbo\u017e\u00ed nebo prok\u00e1\u017ee-li spot\u0159ebitel, \u017ee zbo\u017e\u00ed odeslal zp\u011bt, podle toho, co nastane d\u0159\u00edve. Zbo\u017e\u00ed bez zbyte\u010dn\u00e9ho odkladu, nejpozd\u011bji do 14 dn\u016f ode dne, kdy do\u0161lo k odstoupen\u00ed od kupn\u00ed smlouvy, mus\u00ed spot\u0159ebitel zaslat zp\u011bt nebo je p\u0159edat na adrese PRO HS, s. r. o, Richard Jare\u0161, K\u0159iv\u00e1 1711, 46311 Liberec. p\u0159i\u010dem\u017e spot\u0159ebitel ponese p\u0159\u00edm\u00e9 n\u00e1klady spojen\u00e9 s vr\u00e1cen\u00edm zbo\u017e\u00ed. Lh\u016fta se pova\u017euje za zachovanou, pokud spot\u0159ebitel ode\u0161le prod\u00e1vaj\u00edc\u00edmu\u00a0 zbo\u017e\u00ed zp\u011bt p\u0159ed uplynut\u00edm 14 dn\u016f. Spot\u0159ebitel odpov\u00edd\u00e1 pouze za sn\u00ed\u017een\u00ed hodnoty zbo\u017e\u00ed v d\u016fsledku nakl\u00e1d\u00e1n\u00ed s t\u00edmto zbo\u017e\u00edm jin\u00fdm zp\u016fsobem, ne\u017e kter\u00fd je nutn\u00fd k obezn\u00e1men\u00ed se s povahou a vlastnostmi zbo\u017e\u00ed, v\u010detn\u011b jeho funk\u010dnosti.<\/p>\n<p style=\"font-weight: 400;\">\u00a0<\/p>\n<ol start=\"5\">\n<li style=\"font-weight: 400;\">\n<h3>Doprava<\/h3>\n<\/li>\n<\/ol>\n<p style=\"font-weight: 400;\">P\u0159i n\u00e1kupu zbo\u017e\u00ed na e-shopu <a href=\"https:\/\/jrnutrition.co\/en\/\">www.jrnutrition.co<\/a>\u00a0nese kupuj\u00edc\u00ed n\u00e1klady na po\u0161tovn\u00e9 i baln\u00e9, kter\u00e9 kupuj\u00edc\u00ed zvolil v\u00a0objedn\u00e1vce a tyto n\u00e1klady se \u0159\u00edd\u00ed aktu\u00e1ln\u00edm cen\u00edkem prod\u00e1vaj\u00edc\u00edho, kter\u00fd se nach\u00e1z\u00ed na str\u00e1nk\u00e1ch.<\/p>\n<ol start=\"6\">\n<li style=\"font-weight: 400;\">Platebn\u00ed podm\u00ednky<\/li>\n<\/ol>\n<ul>\n<li>Bankovn\u00ed p\u0159evod \u2013\u00a0po obdr\u017een\u00ed objedn\u00e1vky (n\u00e1vrhu na uzav\u0159en\u00ed kupn\u00ed smlouvy) za\u0161le prod\u00e1vaj\u00edc\u00ed kupuj\u00edc\u00edmu v\u00fd\u0161i kupn\u00ed ceny, \u010d\u00edslo \u00fa\u010dtu a variabiln\u00ed symbol platby. Zbo\u017e\u00ed zaplat\u00ed kupuj\u00edc\u00ed na bankovn\u00ed \u00fa\u010det prod\u00e1vaj\u00edc\u00edho p\u0159ed odesl\u00e1n\u00edm zbo\u017e\u00ed, v opa\u010dn\u00e9m p\u0159\u00edpad\u011b nebude zbo\u017e\u00ed odesl\u00e1no pop\u0159. p\u0159ed\u00e1no. Tento zp\u016fsob \u00fahrady kupn\u00ed ceny je pova\u017eov\u00e1n za z\u00e1lohovou platbu na kupn\u00ed cenu.<\/li>\n<li>ePlatba p\u0159es eKonto \u2013\u00a0ur\u010deno pro majitele \u00fa\u010dtu eKonto (Reiffeisen Bank a.s.). Po vytvo\u0159en\u00ed objedn\u00e1vky jste p\u0159esm\u011brov\u00e1ni na bezpe\u010dnou platebn\u00ed br\u00e1nu, kde zad\u00e1te pot\u0159ebn\u00e9 \u00fadaje. Platba prob\u00edh\u00e1 prakticky okam\u017eit\u011b, tak\u017ee zbo\u017e\u00ed ode\u0161leme nejpozd\u011bji n\u00e1sleduj\u00edc\u00ed pracovn\u00ed den.<\/li>\n<li>Platebn\u00ed karty \u2013\u00a0velmi pohodln\u00fd zp\u016fsob platby. Po vytvo\u0159en\u00ed objedn\u00e1vky jste p\u0159esm\u011brov\u00e1ni na bezpe\u010dnou platebn\u00ed br\u00e1nu banky, kde zad\u00e1te pot\u0159ebn\u00e9 \u00fadaje. Pokud je transakce autorizov\u00e1na, platba prob\u011bhne okam\u017eit\u011b a zbo\u017e\u00ed odes\u00edl\u00e1me nejpozd\u011bji n\u00e1sleduj\u00edc\u00ed pracovn\u00ed den. Podporujeme bezpe\u010dn\u00fd protokol 3D Secure. Na\u0161i pracovn\u00edci nemaj\u00ed p\u0159\u00edstup k \u00fadaj\u016fm o Va\u0161\u00ed kart\u011b, v\u0161e je pouze v rukou banky.<\/li>\n<\/ul>\n<ol start=\"7\">\n<li style=\"font-weight: 400;\">\n<h3>Ochrana osobn\u00edch \u00fadaj\u016f<\/h3>\n<\/li>\n<\/ol>\n<p style=\"font-weight: 400;\">Prod\u00e1vaj\u00edc\u00ed, jako\u017eto zpracovatel osobn\u00edch \u00fadaj\u016f, je z\u00e1rove\u0148 jejich spr\u00e1vcem a z\u00edskan\u00e9 osobn\u00ed \u00fadaje budou zpracov\u00e1ny bezpe\u010dnou formou zamezuj\u00edc\u00ed jejich zneu\u017eit\u00ed. Kupuj\u00edc\u00ed m\u016f\u017ee kdykoliv po\u017e\u00e1dat o jejich zm\u011bnu \u010di vymaz\u00e1n\u00ed e-mailem. Sv\u00e9 \u00fadaje m\u016f\u017ee kupuj\u00edc\u00ed m\u011bnit na internetov\u00fdch str\u00e1nk\u00e1ch <a href=\"https:\/\/jrnutrition.co\/en\/\">www.jrnutrition.co<\/a>\u00a0v sekci \u201eV\u00e1\u0161 \u00fa\u010det\u201c.<\/p>\n<p style=\"font-weight: 400;\">V\u00edce informac\u00ed naleznete v samostatn\u00e9m dokumentu\u00a0<a href=\"http:\/\/www.jrhockey.eu\/zasady_zpracovani_osobnich_udaju\">Z\u00e1sady zpracov\u00e1n\u00ed osobn\u00edch \u00fadaj\u016f<\/a><\/p>\n<ol start=\"8\">\n<li style=\"font-weight: 400;\">\n<h3>Elektronick\u00e1 fakturace<\/h3>\n<\/li>\n<\/ol>\n<p style=\"font-weight: 400;\">Spot\u0159ebiteli je vystaven doklad o zak\u00e1zce formou elektronick\u00e9 faktury. Tu si m\u016f\u017ee kdykoli st\u00e1hnout z odkazu zaslan\u00e9m v emailu o expedici zak\u00e1zky. Elektronick\u00e1 faktura je k dispozici ke sta\u017een\u00ed v u\u017eivatelsk\u00e9m \u00fa\u010dtu a kdykoli na vy\u017e\u00e1d\u00e1n\u00ed na emailu\u00a0<a href=\"\/en\/jares@jrhockey.cz\/\">jares@jrhockey.cz<\/a><\/p>\n<p style=\"font-weight: 400;\">\u00a0<\/p>\n<ol start=\"9\">\n<li style=\"font-weight: 400;\">\n<h3>Z\u00e1v\u011bre\u010dn\u00e9 ujedn\u00e1n\u00ed<\/h3>\n<\/li>\n<\/ol>\n<p style=\"font-weight: 400;\">Objedn\u00e1vka spot\u0159ebitele je po sv\u00e9m doru\u010den\u00ed prod\u00e1vaj\u00edc\u00edmu jako n\u00e1vrh na uzav\u0159en\u00ed kupn\u00ed smlouvy archivov\u00e1na za \u00fa\u010delem jej\u00edho spln\u011bn\u00ed a dal\u0161\u00ed evidence. Jednotliv\u00e9 technick\u00e9 kroky vedouc\u00ed k uzav\u0159en\u00ed smlouvy jsou spot\u0159ebiteli z\u0159ejm\u00e9 z vlastn\u00edho procesu objedn\u00e1vky. Kupuj\u00edc\u00ed m\u00e1 mo\u017enost zji\u0161\u0165ovat a opravovat chyby vznikl\u00e9 p\u0159i zad\u00e1v\u00e1n\u00ed dat p\u0159ed pod\u00e1n\u00edm objedn\u00e1vky. N\u00e1klady na pou\u017eit\u00ed komunika\u010dn\u00edch prost\u0159edk\u016f na d\u00e1lku (internet atd.) pro uskute\u010dn\u011bn\u00ed samotn\u00e9 objedn\u00e1vky nese kupuj\u00edc\u00ed. Tyto obchodn\u00ed podm\u00ednky spot\u0159ebiteli umo\u017e\u0148uj\u00ed jejich archivaci a reprodukci.<\/p>\n<p style=\"font-weight: 400;\">Subjektem mimosoudn\u00edho \u0159\u00edzen\u00ed v p\u0159\u00edpad\u011b sporu, p\u0159\u00edpadn\u011b subjektem k vy\u0159izov\u00e1n\u00ed st\u00ed\u017enost\u00ed kupuj\u00edc\u00edch, je \u010cesk\u00e1 obchodn\u00ed inspekce, se s\u00eddlem \u0160t\u011bp\u00e1nsk\u00e1 567\/15, 120 00 Praha 2, I\u010c: 000 20 869, internetov\u00e1 adresa: http:\/\/www.coi.cz, z\u0159\u00edzen\u00e1 z\u00e1konem \u010d. 64\/1986 Sb., o \u010cesk\u00e9 obchodn\u00ed inspekci, na kterou se kupuj\u00edc\u00ed m\u016f\u017ee obr\u00e1tit p\u0159es e-podatelnu na webov\u00fdch str\u00e1nk\u00e1ch \u010cesk\u00e9 obchodn\u00ed inspekce. D\u00e1le je mo\u017en\u00e9 spor \u0159e\u0161it on-line prost\u0159ednictv\u00edm k tomu ur\u010den\u00e9\u00a0<a href=\"https:\/\/webgate.ec.europa.eu\/odr\/main\/index.cfm?event=main.home.show&amp;lng=CS\">ODR platformy<\/a>. Dozor nad oblast\u00ed ochrany osobn\u00edch \u00fadaj\u016f vykon\u00e1v\u00e1 \u00da\u0159ad pro ochranu osobn\u00edch \u00fadaj\u016f dle z\u00e1k. \u010d. 101\/2000 Sb., o ochran\u011b osobn\u00edch \u00fadaj\u016f, www.uoou.cz<\/p>\n<p style=\"font-weight: 400;\">Odch\u00fdlen\u00ed se od VOP je mo\u017en\u00e9 pouze p\u00edsemn\u00fdm souhlasem obou stran. Dopl\u0148uj\u00edc\u00ed \u010di odli\u0161n\u00e9 podm\u00ednky obchodn\u00edho partnera se na smluvn\u00ed vztahy uveden\u00e9 v t\u011bchto VOP neaplikuj\u00ed.<\/p>\n<p style=\"font-weight: 400;\">Zn\u011bn\u00ed t\u011bchto VOP m\u016f\u017ee zhotovitel m\u011bnit \u010di dopl\u0148ovat. T\u00edmto ustanoven\u00edm nejsou dot\u010dena pr\u00e1va a povinnosti vznikl\u00e1 po dobu \u00fa\u010dinnosti p\u0159edchoz\u00edho zn\u011bn\u00ed VOP.<\/p>\n<p style=\"font-weight: 400;\">Tyto V\u0161eobecn\u00e9 obchodn\u00ed podm\u00ednky spole\u010dnosti JR HOCEY, PRO HS, s.r.o, vstupuj\u00ed v platnost a \u00fa\u010dinnost dne 1. 11. 2018.<\/p>\n<p style=\"font-weight: 400;\">\u00a0<\/p>\n<p style=\"font-weight: 400;\">\u00a0<\/p>","protected":false},"excerpt":{"rendered":"","protected":false},"author":1,"featured_media":0,"parent":0,"menu_order":0,"comment_status":"closed","ping_status":"closed","template":"","meta":{"footnotes":""},"class_list":["post-606","page","type-page","status-publish","hentry"],"_links":{"self":[{"href":"https:\/\/jrnutrition.co\/en\/wp-json\/wp\/v2\/pages\/606","targetHints":{"allow":["GET"]}}],"collection":[{"href":"https:\/\/jrnutrition.co\/en\/wp-json\/wp\/v2\/pages"}],"about":[{"href":"https:\/\/jrnutrition.co\/en\/wp-json\/wp\/v2\/types\/page"}],"author":[{"embeddable":true,"href":"https:\/\/jrnutrition.co\/en\/wp-json\/wp\/v2\/users\/1"}],"replies":[{"embeddable":true,"href":"https:\/\/jrnutrition.co\/en\/wp-json\/wp\/v2\/comments?post=606"}],"version-history":[{"count":3,"href":"https:\/\/jrnutrition.co\/en\/wp-json\/wp\/v2\/pages\/606\/revisions"}],"predecessor-version":[{"id":618,"href":"https:\/\/jrnutrition.co\/en\/wp-json\/wp\/v2\/pages\/606\/revisions\/618"}],"wp:attachment":[{"href":"https:\/\/jrnutrition.co\/en\/wp-json\/wp\/v2\/media?parent=606"}],"curies":[{"name":"wp","href":"https:\/\/api.w.org\/{rel}","templated":true}]}}