{"id":609,"date":"2025-06-05T13:31:47","date_gmt":"2025-06-05T13:31:47","guid":{"rendered":"https:\/\/jrnutrition.co\/?page_id=609"},"modified":"2025-06-05T14:09:32","modified_gmt":"2025-06-05T14:09:32","slug":"ochrana-osobnich-udaju","status":"publish","type":"page","link":"https:\/\/jrnutrition.co\/en\/ochrana-osobnich-udaju\/","title":{"rendered":"Ochrana osobn\u00edch \u00fadaj\u016f"},"content":{"rendered":"<h1>Ochrana osobn\u00edch \u00fadaj\u016f \u2013 JR Hockey<\/h1>\n<p>Spole\u010dnost PRO HS, s. r. o se s\u00eddlem K\u0159iv\u00e1 1711, 46311 Liberec I\u010cO: 047300283 (\u201cJR HOCKEY,<br \/>pota\u017emo PRO HS\u201c), provozovatel webov\u00e9 str\u00e1nky www.jrhockey.cz (www.jrhockey.cz ,<br \/>www.jrhockey.cz), prohla\u0161uje, \u017ee ve\u0161ker\u00e9 osobn\u00ed \u00fadaje (d\u00e1le tak\u00e9 \u201e\u00fadaje\u201c) jsou pova\u017eov\u00e1ny za<br \/>p\u0159\u00edsn\u011b d\u016fv\u011brn\u00e9 a je s\u00a0nimi nakl\u00e1d\u00e1no v\u00a0souladu s\u00a0platn\u00fdmi z\u00e1konn\u00fdmi ustanoven\u00ed v\u00a0oblasti<br \/>ochrany osobn\u00edch \u00fadaj\u016f.<br \/>Bezpe\u010d\u00ed Va\u0161ich osobn\u00edch \u00fadaj\u016f je pro n\u00e1s prioritou. Osobn\u00edm \u00fadaj\u016fm a jejich ochran\u011b v\u011bnujeme<br \/>proto n\u00e1le\u017eitou pozornost. V\u00a0t\u011bchto Z\u00e1sad\u00e1ch zpracov\u00e1n\u00ed osobn\u00edch \u00fadaj\u016f (\u201eZ\u00e1sady\u201c) bychom V\u00e1s<br \/>cht\u011bli informovat o tom, jak\u00e9 osobn\u00ed \u00fadaje o V\u00e1s shroma\u017e\u010fujeme a\u00a0jak\u00fdm zp\u016fsobem je d\u00e1le<br \/>pou\u017e\u00edv\u00e1me.<\/p>\n<h2>1.\u00a0\u00a0 Osobn\u00ed \u00fadaje a jejich zpracov\u00e1n\u00ed<\/h2>\n<h3>1.1.\u00a0\u00a0Kategorie osobn\u00edch \u00fadaj\u016f<\/h3>\n<p>Shroma\u017e\u010fujeme r\u016fzn\u00e9 \u00fadaje v z\u00e1vislosti na tom, kter\u00e9 z na\u0161ich slu\u017eeb vyu\u017e\u00edv\u00e1te.<br \/>Pokud u n\u00e1s nakupujete, shroma\u017e\u010fujeme:<\/p>\n<ul>\n<li>Jm\u00e9no a kontaktn\u00ed \u00fadaje. Jm\u00e9no a p\u0159\u00edjmen\u00ed, e-mailovou adresu, telefonn\u00ed \u010d\u00edslo, doru\u010dovac\u00ed<br \/>adresu, bankovn\u00ed spojen\u00ed<\/li>\n<li>Demografick\u00e9 \u00fadaje, zemi a up\u0159ednost\u0148ovan\u00fd jazyk.<\/li>\n<li>\u00dadaje vznikl\u00e9 na z\u00e1klad\u011b trv\u00e1n\u00ed smlouvy \u2013 nakoupen\u00e9 produkty, z\u00e1kaznick\u00fd segment, objem poskytnut\u00fdch slu\u017eeb<\/li>\n<\/ul>\n<p>D\u00e1le shroma\u017e\u010fujeme:<br \/>\u00dadaje z komunikace mezi JR HOCKEY a z\u00e1kazn\u00edkem<\/p>\n<ul>\n<li>Z\u00e1znamy o chov\u00e1n\u00ed na internetov\u00fdch str\u00e1nk\u00e1ch spravovan\u00fdch spole\u010dnost\u00ed PRO HS<\/li>\n<li>V r\u00e1mci log\u016f hlavn\u011b IP adresu, \u00fadaje poskytnut\u00e9 prohl\u00ed\u017ee\u010dem (rozli\u0161en\u00ed, verze, opera\u010dn\u00ed syst\u00e9m,otisk), jazyk<\/li>\n<li>Jm\u00e9no, p\u0159\u00edjmen\u00ed, email, telefon a kamerov\u00e9 z\u00e1znamy v p\u0159\u00edpad\u011b u\u017eivatelsk\u00e9ho testov\u00e1n\u00ed<\/li>\n<li>Jm\u00e9no, p\u0159\u00edjmen\u00ed, email, telefon a firma p\u0159i po\u0159\u00e1d\u00e1n\u00ed akc\u00ed<\/li>\n<\/ul>\n<p>\u00a0<\/p>\n<h3>1.2.\u00a0\u00a0\u00da\u010dely zpracov\u00e1n\u00ed osobn\u00edch \u00fadaj\u016f:<\/h3>\n<ul>\n<li>Poskytov\u00e1n\u00ed slu\u017eeb a jejich zlep\u0161ov\u00e1n\u00ed. Abychom mohli poskytovat nab\u00edzen\u00e9 slu\u017eby a zlep\u0161ovat je k Va\u0161\u00ed spokojenosti, zpracov\u00e1v\u00e1me Va\u0161e osobn\u00ed \u00fadaje.<\/li>\n<\/ul>\n<p>Konkr\u00e9tn\u011b sem pat\u0159\u00ed:<\/p>\n<ul>\n<li>Zpracov\u00e1n\u00ed objedn\u00e1vky zbo\u017e\u00ed nebo slu\u017eeb, objednan\u00fdch a\u0165 u\u017e prost\u0159ednictv\u00edm na\u0161\u00ed webov\u00e9<br \/>str\u00e1nky, mobiln\u00ed aplikace. Z\u00e1konn\u00fdm d\u016fvodem je zde nezbytnost pro spln\u011bn\u00ed kupn\u00ed smlouvy,<br \/>p\u0159\u00edpadn\u011b a u vybran\u00fdch \u00fadaj\u016f na spln\u011bn\u00ed pr\u00e1vn\u00edch povinnost\u00ed (nap\u0159. \u00fa\u010detn\u00ed doklady).<\/li>\n<li>Z\u00e1kaznick\u00e1 podpora. Pro zaji\u0161t\u011bn\u00ed z\u00e1kaznick\u00e9ho servisu a pro odstran\u011bn\u00ed p\u0159\u00edpadn\u00fdch probl\u00e9m\u016f<br \/>p\u0159i\u00a0pln\u011bn\u00ed kupn\u00ed smlouvy zpracov\u00e1v\u00e1me Va\u0161e osobn\u00ed \u00fadaje na z\u00e1kladn\u011b nezbytn\u00e9ho spln\u011bn\u00ed<br \/>t\u011bchto smluv.<\/li>\n<li>Komunikace. Shrom\u00e1\u017ed\u011bn\u00e9 \u00fadaje vyu\u017e\u00edv\u00e1me za \u00fa\u010delem komunikace s v\u00e1mi a jej\u00edmu individu\u00e1ln\u00ed<br \/>p\u0159izp\u016fsobov\u00e1n\u00ed. M\u016f\u017eeme v\u00e1s nap\u0159\u00edklad kontaktovat telefonicky, e-mailem, v aplikaci nebo jinou<br \/>formou, abychom v\u00e1m p\u0159ipomn\u011bli, \u017ee m\u00e1te zbo\u017e\u00ed v online ko\u0161\u00edku, pomohli V\u00e1m s dokon\u010den\u00edm<br \/>Va\u0161\u00ed objedn\u00e1vky, sd\u011blili V\u00e1m aktu\u00e1ln\u00ed stav va\u0161\u00ed \u017e\u00e1dosti, objedn\u00e1vky nebo reklamace nebo k n\u00ed od<br \/>V\u00e1s z\u00edskali dal\u0161\u00ed informace nebo V\u00e1s upozornili, \u017ee mus\u00edte prov\u00e9st akci nutnou k zachov\u00e1n\u00ed<br \/>aktivn\u00edho stavu va\u0161eho \u00fa\u010dtu. Nakupujete-li u n\u00e1s jako ne\u010dlen, zpracov\u00e1v\u00e1me tyto \u00fadaje z d\u016fvodu<br \/>opr\u00e1vn\u011bn\u00e9ho z\u00e1jmu komunikace s klientem, jak je pops\u00e1n v tomto odstavci.<\/li>\n<li>Zlep\u0161ov\u00e1n\u00ed\u00a0slu\u017eeb. \u00dadaje pou\u017e\u00edv\u00e1me k\u00a0neust\u00e1l\u00e9mu zlep\u0161ov\u00e1n\u00ed na\u0161ich slu\u017eeb a syst\u00e9m\u016f, v\u010detn\u011b<br \/>p\u0159id\u00e1v\u00e1n\u00ed nov\u00fdch funkc\u00ed a z\u00e1rove\u0148 za \u00fa\u010delem \u010dinit informovan\u00e1 rozhodnut\u00ed za pou\u017eit\u00ed souhrnn\u00fdch<br \/>anal\u00fdz a business inteligence, to v\u0161e na z\u00e1klad\u011b na\u0161eho opr\u00e1vn\u011bn\u00e9ho z\u00e1jmu odv\u00edjej\u00edc\u00edho se od<br \/>svobody podnik\u00e1n\u00ed a spo\u010d\u00edvaj\u00edc\u00edho v\u00a0nezbytnosti zlep\u0161ov\u00e1n\u00ed poskytovan\u00fdch slu\u017eeb kv\u016fli \u00fasp\u011bchu<br \/>v\u00a0hospod\u00e1\u0159sk\u00e9 sout\u011b\u017ei. Abychom zajistili dostate\u010dnou ochranu Va\u0161im pr\u00e1v\u016fm a z\u00e1jm\u016fm<br \/>pou\u017e\u00edv\u00e1me pro \u00fa\u010dely zlep\u0161ov\u00e1n\u00ed osobn\u00ed \u00fadaje v\u00a0anonymizovan\u00e9 podob\u011b.<\/li>\n<li>Ochrana, bezpe\u010dnost a \u0159e\u0161en\u00ed spor\u016f. \u00dadaje m\u016f\u017eeme zpracov\u00e1vat tak\u00e9 z opr\u00e1vn\u011bn\u00e9ho z\u00e1jmu,<br \/>kter\u00fd spo\u010d\u00edv\u00e1 v\u00a0zaji\u0161t\u011bn\u00ed ochrany a\u00a0bezpe\u010dnosti na\u0161ich syst\u00e9m\u016f a\u00a0na\u0161ich z\u00e1kazn\u00edk\u016f, k zji\u0161\u0165ov\u00e1n\u00ed<br \/>a\u00a0prevenci podvod\u016f, \u0159e\u0161en\u00ed spor\u016f a\u00a0prosazov\u00e1n\u00ed na\u0161ich dohod na z\u00e1klad\u011b opr\u00e1vn\u011bn\u00e9ho z\u00e1jmu.<\/li>\n<li>Po\u0159\u00e1d\u00e1n\u00ed akc\u00ed. \u00dadaje pou\u017e\u00edv\u00e1me na z\u00e1klad\u011b Va\u0161eho souhlasu za \u00fa\u010delem napl\u00e1nov\u00e1n\u00ed, zaji\u0161t\u011bn\u00ed a<br \/>vyhodnocen\u00ed akc\u00ed, kter\u00e9 po\u0159\u00e1d\u00e1me.<\/li>\n<li>Marketingov\u00e9 nab\u00eddky.<\/li>\n<li>Obchodn\u00ed sd\u011blen\u00ed<\/li>\n<li>Zas\u00edl\u00e1me V\u00e1m obchodn\u00ed sd\u011blen\u00ed ohledn\u011b obdobn\u00fdch produkt\u016f, jako jste si koupili.<\/li>\n<li>Tyto obchodn\u00ed sd\u011blen\u00ed m\u016f\u017eete v\u017edy odm\u00edtnout prost\u0159ednictv\u00edm odkazu pro odhl\u00e1\u0161en\u00ed, kter\u00fd<br \/>naleznete v\u00a0ka\u017ed\u00e9m emailu.<\/li>\n<li>V p\u0159\u00edpad\u011b, \u017ee odeb\u00edr\u00e1n\u00ed obchodn\u00edch sd\u011blen\u00ed odhl\u00e1s\u00edte, nebudeme nad\u00e1le Va\u0161e elektronick\u00e9<br \/>kontakty pro tyto \u00fa\u010dely vyu\u017e\u00edvat. Za\u010dneme je op\u011bt vyu\u017e\u00edvat, pokud je zaregistrujete nebo si je<br \/>v\u00fdslovn\u011b vy\u017e\u00e1d\u00e1te.<\/li>\n<li>Marketingov\u00e9 nab\u00eddky, kter\u00e9 se v\u00e1m zobrazuj\u00ed, mohou b\u00fdt vybr\u00e1ny na z\u00e1klad\u011b dal\u0161\u00edch informac\u00ed,<br \/>kter\u00e9 jsme o\u00a0v\u00e1s v\u00a0pr\u016fb\u011bhu \u010dasu z\u00edskali podle kontaktn\u00edch \u00fadaj\u016f, demografick\u00fdch \u00fadaj\u016f,<br \/>obl\u00edben\u00fdch polo\u017eek a\u00a0\u00fadaj\u016f o\u00a0pou\u017e\u00edv\u00e1n\u00ed z\u00a0na\u0161ich produkt\u016f a\u00a0web\u016f (cookies, IP adresa, \u00fadaje<br \/>poskytnut\u00e9 va\u0161\u00edm prohl\u00ed\u017ee\u010dem, \u00fadaje o proklic\u00edch, zobrazen\u00fdch obchodn\u00edch sd\u011blen\u00edch,<br \/>nav\u0161t\u00edven\u00fdch produktech). Neprov\u00e1d\u00edme pln\u011b automatizovan\u00e9 zpracov\u00e1n\u00ed, kter\u00e9 by pro V\u00e1s m\u011blo<br \/>pr\u00e1vn\u00ed \u00fa\u010dinky.<\/li>\n<li>Jste-li \u010dlenem, zpracov\u00e1v\u00e1me \u00fadaje k tomuto \u00fa\u010delu z d\u016fvodu pln\u011bn\u00ed smlouvy. Nakupujete-li u n\u00e1s<br \/>jako ne\u010dlen, zpracov\u00e1v\u00e1me tyto \u00fadaje z d\u016fvodu opr\u00e1vn\u011bn\u00e9ho z\u00e1jmu, kter\u00fd tkv\u00ed v\u00a0opr\u00e1vn\u011bn\u00e9m<br \/>konven\u010dn\u00edm marketingu.<\/li>\n<li>Pokud nejste na\u0161\u00edm z\u00e1kazn\u00edkem, zpracov\u00e1v\u00e1me na z\u00e1klad\u011b Va\u0161eho souhlasu.<\/li>\n<li>M\u00e1te pr\u00e1vo kdykoliv bezplatn\u011b vzn\u00e9st n\u00e1mitku proti t\u011bmto zpracov\u00e1n\u00edm. Kontaktn\u00ed \u00fadaje jsou<br \/>uvedeny na konci tohoto dokumentu.<\/li>\n<li>Zpracov\u00e1v\u00e1n\u00ed cookies z internetov\u00fdch str\u00e1nek provozovan\u00fdch spole\u010dnost\u00ed JR HOCKEY.<\/li>\n<li>V p\u0159\u00edpad\u011b, \u017ee m\u00e1te ve sv\u00e9m webov\u00e9m prohl\u00ed\u017ee\u010di povoleny cookies, zpracov\u00e1v\u00e1me z\u00e1znamy<br \/>chov\u00e1n\u00ed z cookies um\u00edst\u011bn\u00fdch na internetov\u00fdch str\u00e1nk\u00e1ch provozovan\u00fdch spole\u010dnost\u00ed PHT, a to<br \/>pro \u00fa\u010dely zaji\u0161t\u011bn\u00ed lep\u0161\u00edho provozu internetov\u00fdch str\u00e1nek JR HOCKEY a pro \u00fa\u010dely internetov\u00e9<br \/>reklamy spole\u010dnosti PRO HS. V\u00edce informac\u00ed naleznete v\u00a0samostatn\u00e9 kapitole tohoto dokumentu.<\/li>\n<\/ul>\n<h3>1.3.\u00a0\u00a0P\u0159ed\u00e1n\u00ed osobn\u00edch \u00fadaj\u016f t\u0159et\u00edm stran\u00e1m<\/h3>\n<p>Va\u0161e osobn\u00ed \u00fadaje budou p\u0159ed\u00e1ny t\u0159et\u00edm osob\u00e1m \u010di jinak zprost\u0159edkov\u00e1ny pouze tehdy, je-li to<br \/>nezbytn\u00e9 v\u00a0r\u00e1mci pln\u011bn\u00ed kupn\u00ed smlouvy, smlouvy o \u010dlenstv\u00ed v akademii, na z\u00e1klad\u011b opr\u00e1vn\u011bn\u00e9ho<br \/>z\u00e1jmu, nebo pokud jste s\u00a0t\u00edm p\u0159edem vyslovili souhlas.<br \/>a) sestersk\u00fdm spole\u010dnostem a zpracovatel\u016fm na z\u00e1klad\u011b pln\u011bn\u00ed kupn\u00ed smlouvy, pro v\u00fdkon<br \/>intern\u00edch proces\u016f a postup\u016f JR HOCKEY<br \/>b) spole\u010dnostem vyd\u00e1vaj\u00edc\u00edm kreditn\u00ed karty, poskytovatel\u016fm platebn\u00edch slu\u017eeb za \u00fa\u010delem<br \/>zpracov\u00e1n\u00ed plateb a bank\u00e1m na z\u00e1klad\u011b va\u0161\u00ed objedn\u00e1vky, pln\u011bn\u00ed kupn\u00ed smlouvy<br \/>c) p\u0159epravc\u016fm za \u00fa\u010delem dod\u00e1n\u00ed V\u00e1mi objednan\u00fdch produkt\u016f nebo slu\u017eeb a \u0159e\u0161en\u00ed reklamac\u00ed,<br \/>v\u010detn\u011b odstoupen\u00ed od smlouvy<br \/>d) na\u0161im partner\u016fm, ve v\u011brnostn\u00edch sch\u00e9matech, do kter\u00fdch se zapoj\u00edte<br \/>e) dal\u0161\u00edm poskytovatel\u016fm slu\u017eeb, t\u0159et\u00edm stran\u00e1m, zapojen\u00fdm do zpracov\u00e1n\u00ed dat<br \/>f) t\u0159et\u00edm stran\u00e1m, nap\u0159. pr\u00e1vn\u00edm nebo finan\u010dn\u00edm z\u00e1stupc\u016fm, soud\u016fm za \u00fa\u010delem zpracov\u00e1n\u00ed<br \/>da\u0148ov\u00fdch doklad\u016f, vym\u00e1h\u00e1n\u00ed pohled\u00e1vek nebo dal\u0161\u00edch d\u016fvod\u016f vypl\u00fdvaj\u00edc\u00edch z pln\u011bn\u00ed na\u0161ich<br \/>z\u00e1konn\u00fdch povinnost\u00ed<br \/>g) ve\u0159ejn\u00fdm org\u00e1n\u016fm (nap\u0159. policie)<br \/>h) t\u0159et\u00edm stran\u00e1m prov\u00e1d\u011bj\u00edc\u00edm pr\u016fzkumy mezi z\u00e1kazn\u00edky<br \/>Pokud t\u0159et\u00ed osoby pou\u017eij\u00ed \u00fadaje v\u00a0r\u00e1mci jejich opr\u00e1vn\u011bn\u00e9ho z\u00e1jmu, nenese za tato zpracov\u00e1n\u00ed<br \/>spr\u00e1vce zodpov\u011bdnost. Tato zpracov\u00e1n\u00ed se \u0159\u00edd\u00ed z\u00e1sadami zpracov\u00e1n\u00ed osobn\u00edch \u00fadaj\u016f p\u0159\u00edslu\u0161n\u00fdch<br \/>spole\u010dnost\u00ed a osob.<\/p>\n<h2>2.\u00a0\u00a0 Z\u00e1kaznick\u00e9 konto a n\u00e1kup bez registrace<\/h2>\n<p>a) V r\u00e1mci uzav\u0159en\u00ed smlouvy V\u00e1m zakl\u00e1d\u00e1me virtu\u00e1ln\u00ed z\u00e1kaznick\u00e9 konto.<br \/>b) M\u00e1te pr\u00e1vo ukon\u010dit smlouvu v souladu s p\u0159\u00edslu\u0161n\u00fdmi obchodn\u00edmi podm\u00ednkami.<\/p>\n<h2>3.\u00a0\u00a0 Zabezpe\u010den\u00ed osobn\u00edch \u00fadaj\u016f a doba uchov\u00e1v\u00e1n\u00ed<\/h2>\n<h3>3.1.\u00a0 Zabezpe\u010den\u00ed osobn\u00edch \u00fadaj\u016f<\/h3>\n<p>a) Va\u0161e osobn\u00ed \u00fadaje se k n\u00e1m p\u0159en\u00e1\u0161ej\u00ed v zak\u00f3dovan\u00e9 podob\u011b. Pou\u017e\u00edv\u00e1me k\u00f3dovac\u00ed syst\u00e9m SSL<br \/>(secure socket layer). Zabezpe\u010dujeme na\u0161e webov\u00e9 str\u00e1nky a ostatn\u00ed syst\u00e9my pomoc\u00ed<br \/>technick\u00fdch a organiza\u010dn\u00edch opat\u0159en\u00ed proti ztr\u00e1t\u011b a zni\u010den\u00ed Va\u0161ich \u00fadaj\u016f, proti p\u0159\u00edstupu<br \/>neopr\u00e1vn\u011bn\u00fdch osob k\u00a0va\u0161im \u00fadaj\u016fm, jejich pozm\u011b\u0148ov\u00e1n\u00ed \u010di roz\u0161i\u0159ov\u00e1n\u00ed.<br \/>b) U na\u0161ich zpracovatel\u016f vy\u017eadujeme prok\u00e1z\u00e1n\u00ed souladu jejich syst\u00e9m\u016f s na\u0159\u00edzen\u00edm GDPR.<\/p>\n<h3>3.2.\u00a0 Doba zpracov\u00e1n\u00ed<\/h3>\n<p>Osobn\u00ed \u00fadaje zpracov\u00e1v\u00e1me a uchov\u00e1v\u00e1me<br \/>po dobu nezbytn\u011b nutnou k zaji\u0161t\u011bn\u00ed v\u0161ech pr\u00e1v a povinnost\u00ed plynouc\u00edch z kupn\u00ed smlouvy, tj po<br \/>dobu objedn\u00e1vky<\/p>\n<p>po dobu, po kterou je JR HOCKEY jako\u017eto spr\u00e1vce povinnen uchov\u00e1vat podle obecn\u011b z\u00e1vazn\u00fdch<br \/>pr\u00e1vn\u00edch p\u0159edpis\u016f. \u00da\u010detn\u00ed doklady, nap\u0159. faktury vystaven\u00e9 spole\u010dnost\u00ed PRO HS jsou v souladu se<br \/>z\u00e1konem archivov\u00e1ny po dobu 10 let od jejich vystaven\u00ed.<\/p>\n<p>Souhlas pro upozorn\u011bn\u00ed na dostupnost zbo\u017e\u00ed z\u016fst\u00e1v\u00e1 v platnosti do doby odesl\u00e1n\u00ed informace o<br \/>dostupnosti, nejd\u00e9le v\u0161ak po dobu 1 roku nebo do jeho odvol\u00e1n\u00ed.<\/p>\n<p>Souhlas s marketingov\u00fdmi nab\u00eddkami je platn\u00fd po dobu 4 let nebo do odvol\u00e1n\u00ed<\/p>\n<p>Recenze 6 let<\/p>\n<p>Pom\u00e1h\u00e1me pot\u0159ebn\u00fdm 10 let<\/p>\n<p>Komunikace 2 roky<\/p>\n<p>Sout\u011b\u017ee 1 rok<br \/>V\u00a0ostatn\u00edch p\u0159\u00edpadech vypl\u00fdv\u00e1 doba zpracov\u00e1n\u00ed z\u00a0\u00fa\u010delu zpracov\u00e1n\u00ed anebo je d\u00e1na pr\u00e1vn\u00edmi<br \/>p\u0159edpisy v oblasti ochrany osobn\u00edch \u00fadaj\u016f.<\/p>\n<h2>4.\u00a0\u00a0 Pr\u00e1va subjekt\u016f \u00fadaj\u016f<\/h2>\n<p>a) Pokud zpracov\u00e1v\u00e1me Va\u0161e osobn\u00ed \u00fadaje, m\u016f\u017eete kdykoliv po\u017eadovat bezplatnou informaci o<br \/>zpracov\u00e1v\u00e1n\u00ed sv\u00fdch osobn\u00edch \u00fadaj\u016f.<br \/>b) V p\u0159\u00edpad\u011b, \u017ee se domn\u00edv\u00e1te, \u017ee zpracov\u00e1n\u00ed osobn\u00edch \u00fadaj\u016f prov\u00e1d\u00edme v rozporu s ochranou<br \/>Va\u0161ich osobn\u00edch \u00fadaj\u016f a z\u00e1konn\u00fdmi podm\u00ednkami ochrany osobn\u00edch \u00fadaj\u016f, m\u016f\u017eete po\u017e\u00e1dat o<br \/>vysv\u011btlen\u00ed, po\u017eadovat, abychom odstranili takto vznikl\u00fd stav, zejm\u00e9na m\u016f\u017eete po\u017eadovat,<br \/>proveden\u00ed opravy, dopln\u011bn\u00ed, likvidaci osobn\u00edch \u00fadaj\u016f nebo blokaci osobn\u00edch \u00fadaj\u016f.<br \/>c) Pro uplatn\u011bn\u00ed sv\u00fdch pr\u00e1v kontaktujte pov\u011b\u0159ence pro ochranu osobn\u00edch \u00fadaj\u016f na emailov\u00e9<br \/>adrese\u00a0jares@jrhockey.cz Obr\u00e1tit se m\u016f\u017eete i na \u00da\u0159ad pro ochranu osobn\u00edch \u00fadaj\u016f.<br \/>d) Sv\u016fj souhlas se zpracov\u00e1n\u00edm osobn\u00edch \u00fadaj\u016f m\u016f\u017eete kdykoliv odvolat. Pokud odvol\u00e1te<br \/>souhlas se zpracov\u00e1n\u00edm osobn\u00edch \u00fadaj\u016f, budou Va\u0161e osobn\u00ed \u00fadaje vymaz\u00e1ny nebo<br \/>anonymizov\u00e1ny; to se v\u0161ak net\u00fdk\u00e1 t\u011bch osobn\u00edch \u00fadaj\u016f, kter\u00e9 JR HOCKEY pot\u0159ebuje ke spln\u011bn\u00ed<br \/>z\u00e1konn\u00fdch povinnost\u00ed (nap\u0159. vy\u0159\u00edzen\u00ed ji\u017e podan\u00e9 objedn\u00e1vky) \u010di k\u00a0ochran\u011b sv\u00fdch opr\u00e1vn\u011bn\u00fdch<br \/>z\u00e1jm\u016f. K\u00a0likvidaci osobn\u00edch \u00fadaj\u016f dojde rovn\u011b\u017e v\u00a0p\u0159\u00edpad\u011b, \u017ee osobn\u00ed \u00fadaje nebudou zapot\u0159eb\u00ed pro<br \/>stanoven\u00fd \u00fa\u010del nebo jestli\u017ee bude ulo\u017een\u00ed Va\u0161ich \u00fadaj\u016f nep\u0159\u00edpustn\u00e9 z\u00a0jin\u00fdch z\u00e1konem<br \/>stanoven\u00fdch d\u016fvod\u016f.<\/p>\n<h2>5.\u00a0\u00a0 Webov\u00e9 str\u00e1nky<\/h2>\n<h3>5.1.\u00a0 Soubory cookies<\/h3>\n<p>Na\u0161e str\u00e1nky pou\u017e\u00edvaj\u00ed tzv. cookies, aby na\u0161e nab\u00eddka byla pro v\u00e1s relevantn\u00ed, zaj\u00edmav\u00e1 a<br \/>u\u017eivatelsky p\u0159\u00edjemn\u00e1. Cookies jsou male textov\u00e9 soubory, kter\u00e9 jsou ulo\u017eeny ve va\u0161em\u00a0po\u010d\u00edta\u010di,<br \/>chytr\u00e9m telefonu \u010di jin\u00e9m za\u0159\u00edzen\u00ed a kter\u00e9 jsou u\u017e\u00edv\u00e1ny ve Va\u0161em prohl\u00ed\u017ee\u010di. V\u00edce informac\u00ed o<br \/>souborech cookies m\u016f\u017eete nal\u00e9zt\u00a0zde. Soubory cookies vyu\u017e\u00edv\u00e1me nap\u0159. pro:<\/p>\n<ul>\n<li>pro spr\u00e1vnou funk\u010dnost ko\u0161\u00edku tak, abyste co nejjednodu\u0161eji dokon\u010dili svoji objedn\u00e1vku<\/li>\n<li>pro zapamatov\u00e1n\u00ed Va\u0161ich p\u0159ihla\u0161ovac\u00edch \u00fadaj\u016f, tak\u017ee je nemus\u00edte opakovan\u011b zad\u00e1vat<\/li>\n<li>co nejlep\u0161\u00ed p\u0159izp\u016fsoben\u00ed na\u0161ich str\u00e1nek Va\u0161im po\u017eadavk\u016fm d\u00edky sledov\u00e1n\u00ed n\u00e1v\u0161t\u011bvnosti, Va\u0161em pohybu po str\u00e1nk\u00e1ch a vyu\u017eit\u00fdch funkc\u00edch<\/li>\n<li>zji\u0161t\u011bn\u00ed informac\u00ed o prohl\u00ed\u017een\u00ed reklam, abychom V\u00e1m nezobrazovali reklamu na zbo\u017e\u00ed, o kter\u00e9 nem\u00e1te z\u00e1jem<\/li>\n<\/ul>\n<p>N\u011bkter\u00e9 soubory cookie mohou shroma\u017e\u010fovat informace, kter\u00e9 jsou n\u00e1sledn\u011b vyu\u017eity t\u0159et\u00edmi<br \/>stranami a kter\u00e9 nap\u0159. p\u0159\u00edmo podporuj\u00ed na\u0161e reklamn\u00ed aktivity (tzv. \u201ecookie t\u0159et\u00edch stran\u201c).<br \/>Nap\u0159\u00edklad informace o kupovan\u00fdch produktech na na\u0161ich str\u00e1nk\u00e1ch mohou b\u00fdt zobrazeny<br \/>reklamn\u00ed agenturou v\u00a0r\u00e1mci zobrazen\u00ed a p\u0159izp\u016fsoben\u00ed internetov\u00fdch reklamn\u00edch banner\u016f na V\u00e1mi<br \/>zobrazovan\u00fdch webov\u00fdch str\u00e1nk\u00e1ch. Podle t\u011bchto \u00fadaj\u016f V\u00e1s v\u0161ak nelze identifikovat.<\/p>\n<h3>5.2.\u00a0 Vyu\u017eit\u00ed soubor\u016f cookies<\/h3>\n<p>Soubory cookie pou\u017e\u00edvan\u00e9 na na\u0161ich str\u00e1nk\u00e1ch lze rozd\u011blit na dva z\u00e1kladn\u00ed typy. Kr\u00e1tkodob\u00e9 tzv.<br \/>\u201esession cookie\u201c jsou smaz\u00e1ny ihned, jakmile ukon\u010d\u00edte n\u00e1v\u0161t\u011bvu na\u0161ich str\u00e1nek.D louhodob\u011b tzv.<br \/>\u201epersistent cookie\u201c, z\u016fst\u00e1vaj\u00ed ulo\u017eeny ve Va\u0161em za\u0159\u00edzen\u00ed mnohem d\u00e9le nebo dokud je ru\u010dn\u011b<br \/>neodstran\u00edte (doba ponech\u00e1n\u00ed soubor\u016f cookie ve va\u0161em za\u0159\u00edzen\u00ed z\u00e1vis\u00ed na nastaven\u00ed samotn\u00e9<br \/>cookie a nastaven\u00ed va\u0161eho prohl\u00ed\u017ee\u010de).<br \/>Cookie lze tak\u00e9 rozd\u011blit podle jejich funk\u010dnosti na:<\/p>\n<ul>\n<li>analytick\u00e9, kter\u00e9 n\u00e1m pom\u00e1haj\u00ed zv\u00fd\u0161it u\u017eivatelsk\u00e9 pohodl\u00ed na\u0161eho webu t\u00edm, \u017ee pochop\u00edme, jak jej<br \/>u\u017eivatel\u00e9 pou\u017e\u00edvaj\u00ed<\/li>\n<li>konverzn\u00ed, kter\u00e9 n\u00e1m umo\u017e\u0148uj\u00ed analyzovat v\u00fdkon r\u016fzn\u00fdch prodejn\u00edch kan\u00e1l\u016f<\/li>\n<li>trackingov\u00e9 (sledovac\u00ed), kter\u00e9 v kombinaci s konverzn\u00edmi pom\u00e1haj\u00ed analyzovat v\u00fdkon r\u016fzn\u00fdch<br \/>prodejn\u00edch kan\u00e1l\u016f<\/li>\n<li>remarketingov\u00e9, kter\u00e9 pou\u017e\u00edv\u00e1me pro personalizaci obsahu reklam a jejich spr\u00e1vn\u00e9mu zac\u00edlen\u00ed<\/li>\n<li>esenci\u00e1ln\u00ed, kter\u00e9 jsou d\u016fle\u017eit\u00e9 pro z\u00e1kladn\u00ed funk\u010dnost webu<\/li>\n<\/ul>\n<h3>5.3.\u00a0 Odm\u00edtnut\u00ed soubor\u016f cookies<\/h3>\n<p>Nastaven\u00ed pou\u017eit\u00ed soubor\u016f cookies je sou\u010d\u00e1st\u00ed Va\u0161eho internetov\u00e9ho prohl\u00ed\u017ee\u010de. V\u011bt\u0161ina<br \/>prohl\u00ed\u017ee\u010d\u016f soubory cookies ve v\u00fdchoz\u00edm nastaven\u00ed automaticky p\u0159ij\u00edm\u00e1. Soubory cookies lze<br \/>pomoc\u00ed Va\u0161eho webov\u00e9ho prohl\u00ed\u017ee\u010de odm\u00edtnout nebo omezit je na V\u00e1mi vybran\u00e9 typy.<br \/>Informace o prohl\u00ed\u017ee\u010d\u00edch a o zp\u016fsobu nastaven\u00ed p\u0159edvoleb pro soubory cookie m\u016f\u017eete nal\u00e9zt na<br \/>n\u00e1sleduj\u00edc\u00edch webov\u00fdch str\u00e1nk\u00e1ch nebo v\u00a0dal\u0161\u00ed dokumentaci internetov\u00fdch prohl\u00ed\u017ee\u010d\u016f<\/p>\n<ul>\n<li>Chrome<\/li>\n<li>Firefox<\/li>\n<li>Internet Explorer<\/li>\n<li>Android<\/li>\n<li>Iphone a Ipad<\/li>\n<\/ul>\n<p>\u00da\u010dinn\u00fd n\u00e1stroj pro spr\u00e1vu soubor\u016f cookie je t\u00e9\u017e k dispozici na<br \/>str\u00e1nk\u00e1ch\u00a0http:\/\/www.youronlinechoices.com\/cz\/<\/p>\n<h3>5.4.\u00a0 Odkazy<\/h3>\n<p>Na\u0161e webov\u00e9 str\u00e1nky obsahuj\u00ed odkazy na jin\u00e9 webov\u00e9 str\u00e1nky, kter\u00e9 jsou praktick\u00e9 a obsahuj\u00ed<br \/>informace. Upozor\u0148ujeme, \u017ee tyto str\u00e1nky mohou b\u00fdt vlastn\u011bny a provozov\u00e1ny dal\u0161\u00edmi<br \/>spole\u010dnostmi a organizacemi a maj\u00ed jin\u00e9 z\u00e1sady zabezpe\u010den\u00ed a ochrany osobn\u00edch \u00fadaj\u016f. Na\u0161e<br \/>spole\u010dnost nem\u00e1 \u017e\u00e1dnou kontrolu a nenese \u017e\u00e1dnou zodpov\u011bdnost za jak\u00e9koli informace,<br \/>materi\u00e1l, produkty nebo slu\u017eby obsa\u017een\u00e9 nebo p\u0159\u00edstupn\u00e9 prost\u0159ednictv\u00edm t\u011bchto webov\u00fdch<br \/>str\u00e1nek.<\/p>\n<p><strong>Skip Pay<\/strong>: Vyu\u017eit\u00edm slu\u017eby souhlas\u00edte s\u00a0<a href=\"https:\/\/skippay.cz\/vseobecne-obchodni-podminky\" target=\"_blank\" rel=\"noopener\" data-saferedirecturl=\"https:\/\/www.google.com\/url?q=https:\/\/skippay.cz\/vseobecne-obchodni-podminky&amp;source=gmail&amp;ust=1709906267373000&amp;usg=AOvVaw38dcfy5dVPK563GzhOD0uU\">obchodn\u00edmi podm\u00ednkami<\/a>\u00a0Skip Pay. V\u00edce o zpracov\u00e1n\u00ed osobn\u00edch \u00fadaj\u016f\u00a0<a href=\"https:\/\/skippay.cz\/informacni-memorandum\" target=\"_blank\" rel=\"noopener\" data-saferedirecturl=\"https:\/\/www.google.com\/url?q=https:\/\/skippay.cz\/informacni-memorandum&amp;source=gmail&amp;ust=1709906267373000&amp;usg=AOvVaw0J9yOxqegP4l1DJkOTr--R\">zde<\/a>.<\/p>\n<h3>6.\u00a0\u00a0 Kontaktujte n\u00e1s<\/h3>\n<p>V p\u0159\u00edpad\u011b jak\u00fdchkoli dotaz\u016f, koment\u00e1\u0159\u016f a \u017e\u00e1dost\u00ed ohledn\u011b t\u011bchto Z\u00e1sad n\u00e1s nev\u00e1hejte<br \/>kontaktovat na adrese \u010di z\u00e1kaznick\u00e9 lince uveden\u00e9 v\u00a0z\u00e1pat\u00ed t\u011bchto Z\u00e1sad.<br \/>Pov\u011b\u0159enec pro ochranu osobn\u00edch \u00fadaj\u016f:\u00a0jares@jrhockey.cz<br \/>Kontakt: PRO HS, s.r.o<br \/>K\u0159iv\u00e1 1711<br \/>46311 Liberec<\/p>\n<h3>7.\u00a0\u00a0 \u00da\u010dinnost<\/h3>\n<p>Tyto Z\u00e1sady ochrany osobn\u00edch \u00fadaj\u016f plat\u00ed od 1.11.2018.<\/p>","protected":false},"excerpt":{"rendered":"","protected":false},"author":1,"featured_media":0,"parent":0,"menu_order":0,"comment_status":"closed","ping_status":"closed","template":"","meta":{"footnotes":""},"class_list":["post-609","page","type-page","status-publish","hentry"],"_links":{"self":[{"href":"https:\/\/jrnutrition.co\/en\/wp-json\/wp\/v2\/pages\/609","targetHints":{"allow":["GET"]}}],"collection":[{"href":"https:\/\/jrnutrition.co\/en\/wp-json\/wp\/v2\/pages"}],"about":[{"href":"https:\/\/jrnutrition.co\/en\/wp-json\/wp\/v2\/types\/page"}],"author":[{"embeddable":true,"href":"https:\/\/jrnutrition.co\/en\/wp-json\/wp\/v2\/users\/1"}],"replies":[{"embeddable":true,"href":"https:\/\/jrnutrition.co\/en\/wp-json\/wp\/v2\/comments?post=609"}],"version-history":[{"count":2,"href":"https:\/\/jrnutrition.co\/en\/wp-json\/wp\/v2\/pages\/609\/revisions"}],"predecessor-version":[{"id":611,"href":"https:\/\/jrnutrition.co\/en\/wp-json\/wp\/v2\/pages\/609\/revisions\/611"}],"wp:attachment":[{"href":"https:\/\/jrnutrition.co\/en\/wp-json\/wp\/v2\/media?parent=609"}],"curies":[{"name":"wp","href":"https:\/\/api.w.org\/{rel}","templated":true}]}}