{"id":276,"date":"2021-09-16T20:28:11","date_gmt":"2021-09-16T20:28:11","guid":{"rendered":"https:\/\/jrnutrition.co\/?post_type=product&#038;p=276"},"modified":"2026-04-18T07:31:19","modified_gmt":"2026-04-18T07:31:19","slug":"maxreco-potreninkovy-napoj-inovativni-jidlo","status":"publish","type":"product","link":"https:\/\/jrnutrition.co\/en\/product\/maxreco-potreninkovy-napoj-inovativni-jidlo\/","title":{"rendered":"MAXRECO &#8211; POTR\u00c9NINKOV\u00dd N\u00c1POJ \/ INOVATIVN\u00cd J\u00cdDLO"},"content":{"rendered":"<h3><strong>REGENERA\u010cN\u00cd N\u00c1POJ pro sportovce a MODERN\u00cd J\u00cdDLO v jednom<\/strong><\/h3>\n<p><strong>\u00da\u010del produktu a zp\u016fsob pou\u017eit\u00ed:<\/strong><br \/>\nJedn\u00e1 se o komplexn\u00ed potr\u00e9ninkov\u00fd n\u00e1poj, kter\u00fd m\u016f\u017ee b\u00fdt u\u017e\u00edv\u00e1n i ve voln\u00fdch dnech jako n\u00e1hrada<br \/>\njednoho j\u00eddla. Lze jej tak\u00e9 rozm\u00edchat jako ka\u0161i s men\u0161\u00edm mno\u017estv\u00edm vody, ale doporu\u010dujeme n\u00e1sledn\u011b zap\u00edt sklenic\u00ed vody.<\/p>\n<p><strong>Ide\u00e1ln\u00ed d\u00e1vkov\u00e1n\u00ed:<\/strong><br \/>\n100 g do 900 ml vody a pop\u00edjet p\u016fl hodiny a\u017e hodinu po tr\u00e9ninku (ide\u00e1ln\u011b kolem 2,5 deci ka\u017edou<br \/>\n\u010dtvrthodinu).<br \/>\nU star\u0161\u00edch a v\u00fdkonn\u011bj\u0161\u00edch sportovc\u016f lze a\u017e 120-130 g pr\u00e1\u0161ku; adekv\u00e1tn\u011b p\u0159izp\u016fsobit mno\u017estv\u00ed vody.<br \/>\nV p\u0159\u00edpad\u011b, \u017ee strava v dan\u00fd den nedosta\u010duje, nen\u00ed dost pestr\u00e1 nebo na ni nen\u00ed \u010das, je mo\u017en\u00e9 p\u0159idat<br \/>\ndal\u0161\u00edch 50-80 g v dal\u0161\u00ed porci, nap\u0159\u00edklad 30-60 minut p\u0159ed span\u00edm.<\/p>\n<h3><strong>MAXRECO OBSAHUJE MAXIMUM \u017dIVIN<\/strong><\/h3>\n<p><strong>P\u0159es 23% b\u00edlkovin ze \u010dty\u0159 hlavn\u00edch zdroj\u016f.<\/strong><br \/>\nProteinov\u00e1 slo\u017eka je tvo\u0159ena odtu\u010dn\u011bn\u00fdm su\u0161en\u00fdm ml\u00e9kem, kter\u00e9 jednak n\u00e1poji poskytuje<br \/>\njemnou plnou chu\u0165 a jednak m\u00e1 (mnohdy podce\u0148ovan\u00fd) regenera\u010dn\u00ed vliv. Potenci\u00e1ln\u00ed<br \/>\nprobl\u00e9my s tr\u00e1ven\u00edm lakt\u00f3zy by p\u0159itom nem\u011bly nastat d\u00edky p\u0159idan\u00e9mu tr\u00e1vic\u00edmu enzymu<br \/>\nlakt\u00e1ze. D\u00e1le je zde neznehodnocen\u00e1, \u0161etrn\u011b filtrovan\u00e1 syrov\u00e1tkov\u00e1 a tvarohov\u00e1 b\u00edlkovina<br \/>\n(WPC a micel\u00e1rn\u00ed kasein) a kone\u010dn\u011b kolagenn\u00ed peptidy, kter\u00e9 p\u0159edstavuj\u00ed nov\u00fd evolu\u010dn\u00ed krok v<br \/>\nkloubn\u00ed v\u00fd\u017eiv\u011b, nebo\u0165 maj\u00ed v\u00fdrazn\u011b lep\u0161\u00ed vyu\u017eitelnost ne\u017e tradi\u010dn\u00ed hydrolyz\u00e1t kolagenu. S\u00edla sval\u016f je<br \/>\nka\u017edop\u00e1dn\u011b podm\u00edn\u011bn\u00e1 silou \u0161lach a vaz\u016f. Pr\u00e1v\u011b tento dob\u0159e vyu\u017eiteln\u00fd kolagen m\u00e1 v MaxRecu sv\u00e9<br \/>\nm\u00edsto. D\u00edky t\u011bmto \u010dty\u0159em kvalitn\u00edm zdroj\u016fm protein\u016f se Maxreco py\u0161n\u00ed vyu\u017eitelnost\u00ed nad 85%.<br \/>\nPokud ji\u017e n\u00e1hradu stravy vyu\u017e\u00edv\u00e1te, zkontrolujte si z kolika zdroj\u016f protejnu je strava slo\u017een\u00e1.<br \/>\nMnohdy se vyu\u017e\u00edv\u00e1 nejlevn\u011bj\u0161\u00ed proteinov\u00fd zdroj a to s\u00f3jov\u00fd protein s vyu\u017eitelnost\u00ed pouze kolem 40 %.<br \/>\n(Znamen\u00e1 to, \u017ee 60 % b\u00edlkovin vy\u010d\u016fr\u00e1te bez u\u017eitku.)<br \/>\nPokro\u010dilej\u0161\u00ed produkty by se m\u011bly sna\u017eit o vyu\u017eitelnost minim\u00e1ln\u011b 80%.<\/p>\n<p><strong>\u017d\u00e1dn\u00e1 chemie<\/strong><br \/>\nMaxReco, neobsahuje \u017e\u00e1dn\u00e9 jednoduch\u00e9 cukry, \u017e\u00e1dn\u00e1 um\u011bl\u00e1 sladidla (pouze<br \/>\np\u0159\u00edrodn\u00ed extrakt ze st\u00e9vie), \u017e\u00e1dn\u00e1 um\u011bl\u00e1 barviva, ani jin\u00e1, potenci\u00e1ln\u011b \u0161kodliv\u00e1 aditiva a<br \/>\n\u00e9\u010dka.<br \/>\nNeobsahuje ani \u017e\u00e1dn\u00e9 stimulanty, \u017e\u00e1dn\u00e9 p\u0159idan\u00e9 aminokyseliny, deriv\u00e1ty a slou\u010deniny.<br \/>\nMaxReco jde co nejp\u0159\u00edrodn\u011bj\u0161\u00ed cestou. P\u0159edev\u0161\u00edm se ale py\u0161n\u00ed pestr\u00fdm zdrojem \u017eivin.<\/p>\n<p><strong>Maximum \u017eivin<\/strong><br \/>\nV jeho slo\u017een\u00ed je p\u0159es 23 % b\u00edlkovin (ze \u010dty\u0159 hlavn\u00edch zdroj\u016f), t\u00e9m\u011b\u0159 37 % slo\u017eit\u00fdch<br \/>\nsacharid\u016f (z jin\u00fdch t\u0159\u00ed hlavn\u00edch zdroj\u016f), 7,8 % tuk\u016f (z dal\u0161\u00edch jin\u00fdch t\u0159\u00ed hlavn\u00edch zdroj\u016f)<\/p>\n<p><strong>Jsme o krok dop\u0159edu<\/strong><br \/>\nPro zlep\u0161en\u00ed komfortu v \u017ealudku MAXRECO obsahuje tr\u00e1vic\u00edch enzymy lakt\u00e1zy a pro lep\u0161\u00ed komfort ve<br \/>\nst\u0159evech prebiotickou vl\u00e1kninu FOS. Tato zkratka ozna\u010duje frukto-oligo-sacharidy, kter\u00e9 jsou \u00fa\u010dinn\u011bj\u0161\u00ed ne\u017e<br \/>\nlaktobacily, nebo\u0165 teprve d\u00edky nim se ve st\u0159evech mno\u017e\u00ed a udr\u017e\u00ed spr\u00e1vn\u00e9 bakterie.<\/p>\n<p><strong>Slo\u017eit\u00e9 sacharidy<\/strong><\/p>\n<p>Sacharidovou slo\u017eku tvo\u0159\u00ed je\u010dn\u00e1, ovesn\u00e1 a r\u00fd\u017eov\u00e1 mouka, kter\u00e1 umo\u017e\u0148uj\u011b t\u011blu<br \/>\nnejenom doplnit energii, ale p\u0159isp\u00edvaj\u00ed i k p\u0159irozen\u00e9mu n\u00e1r\u016fstu svalov\u00e9 hmoty.<br \/>\nSamotn\u00e9 b\u00edlkoviny nebo rychl\u00e9 cukry nemaj\u00ed tento efekt.<\/p>\n<p><strong>Zdrav\u00e9 Tuky<\/strong><br \/>\nZdrav\u00e9 tuky a ide\u00e1ln\u00ed pom\u011br omega 3 a 6 mastn\u00fdch<br \/>\nkyseliny p\u0159in\u00e1\u0161\u00ed obsah mandlov\u00e9 a ln\u011bn\u00e9 mouky,<br \/>\np\u0159\u00eddavek kokosov\u00e9 mouky je zase zdrojem<br \/>\nkyseliny laurov\u00e9, kter\u00e1 m\u00e1 anti-bakteri\u00e1ln\u00ed efekt.<br \/>\nObecn\u011b je pro p\u0159irozen\u00e9 nab\u00edr\u00e1n\u00ed sval\u016f vhodn\u00e9 m\u00edt trochu nasycen\u00fdch tuk\u016f a<br \/>\ncholesterolu, co\u017e pr\u00e1v\u011b kokos poskytuje. Z\u00e1rove\u0148 je v n\u00e1poji dodan\u00fd lecithin,<br \/>\nkter\u00fd je sou\u010d\u00e1st\u00ed vaje\u010dn\u00e9ho \u017eloutku a jeho\u017e \u00falohou je sni\u017eovat<br \/>\nhladinu (\u0161patn\u00e9ho) LDL cholesterolu. Je tedy z\u0159ejm\u00e9, \u017ee n\u00e1poj<br \/>\nposkytne je\u0161t\u011b lep\u0161\u00ed zdroje \u017eivin ne\u017e jak\u00e1koli \u201evlo\u010dkov\u00e1 ka\u0161e\u201c<br \/>\n\u010di standardn\u00ed gainer na trhu, a jedn\u00e1 se o v\u00fdjime\u010dn\u011b<\/p>\n<p><strong>Vyv\u00e1\u017een\u00fd pom\u011br vitam\u00edn\u016f a miner\u00e1l\u016f<\/strong><br \/>\nZ\u00e1rove\u0148 je nutn\u00e9 u sportovc\u016f dopl\u0148ovat vitam\u00edny a miner\u00e1ly<br \/>\nnad b\u011b\u017enou \u00farove\u0148, kter\u00e1 sta\u010d\u00ed norm\u00e1ln\u00ed populaci. Proto je zde<br \/>\np\u0159id\u00e1n mix v\u0161ech vitam\u00edn\u016f rozpustn\u00fdch ve vod\u011b a tuc\u00edch na \u00farovni<br \/>\n50 % denn\u00ed doporu\u010den\u00e9 d\u00e1vky \u010di tzv. referen\u010dn\u00ed hodnoty p\u0159\u00edjmu (RHP). D\u00e1le<br \/>\njsou zde v t\u011bch nejvyu\u017eiteln\u011bj\u0161\u00edch chel\u00e1tov\u00fdch form\u00e1ch p\u0159id\u00e1ny ho\u0159\u010d\u00edk, zinek a chrom, a v organick\u00fdch form\u00e1ch<br \/>\ndrasl\u00edk, v\u00e1pn\u00edk, j\u00f3d, selen, mangan a molybden, v\u011bt\u0161inou na 50% RHP. Vitam\u00edny a miner\u00e1ly slou\u017e\u00ed k lep\u0161\u00edmu<br \/>\nzpracov\u00e1n\u00ed b\u00edlkovin, sacharid\u016f a tuk\u016f a z\u00e1rove\u0148 maj\u00ed pozitivn\u00ed vliv na imunitu a \u010dinnost nervov\u00e9 soustavy.<br \/>\nUmo\u017e\u0148uj\u00ed pak sportovc\u016fm l\u00e9pe se soust\u0159edit p\u0159i tr\u00e9ninku i ve \u0161kole.<br \/>\npropracovan\u00fd produkt.<\/p>\n<p>V\u00e1\u017e\u00edme si, \u017ee VOLT a MAXRECO vyu\u017e\u00edv\u00e1 mnoho \u0161pi\u010dkov\u00fdch sportovc\u016f a z\u00e1kazn\u00edk\u016f, kter\u00fdm jde stejn\u011b jako n\u00e1m o maxim\u00e1ln\u00ed kvalitu.<br \/>\nS JR Nutrition si m\u016f\u017eete b\u00fdt jist\u00ed na\u0161\u00ed garanc\u00ed t\u00e9 nejvy\u0161\u0161\u00ed kvality.<\/p>","protected":false},"excerpt":{"rendered":"<p>MAXRECO &#8211; Jedn\u00e1 se o komplexn\u00ed potr\u00e9ninkov\u00fd n\u00e1poj, kter\u00fd m\u016f\u017ee b\u00fdt u\u017e\u00edv\u00e1n i ve voln\u00fdch dnech jako n\u00e1hrada jednoho j\u00eddla.<\/p>\n<p>Jeho koncept tvo\u0159\u00ed n\u011bkolik pil\u00ed\u0159\u016f:<\/p>\n<p><strong>Celistv\u00e9 zdroje \u017eivin <\/strong>\u2013 MAXRECO neobsahuje \u201epr\u00e1zdn\u00e9\u201c kalorie, jako jsou t\u0159eba v maltodextrinu (\u0161krobu), ale kvalitn\u00ed a celistv\u00e9 je\u010dn\u00e9, r\u00fd\u017eov\u00e9, ovesn\u00e9, ln\u011bn\u00e9, mandlov\u00e9 a kokosov\u00e9 mouky, kter\u00e9 nedod\u00e1vaj\u00ed pouze kalorie, sacharidy, tuky atd., ale i dal\u0161\u00ed mikro\u017eiviny a fyto\u017eiviny.<\/p>\n<p><strong>Komplexn\u00ed podpora sportovce <\/strong>\u2013 MAXRECO obsahuje kolagenn\u00ed peptidy se skv\u011blou vst\u0159ebatelnost\u00ed. D\u00e1le vitam\u00edny a miner\u00e1ly pro optim\u00e1ln\u00ed fungov\u00e1n\u00ed organismu, kter\u00e9 mimo jin\u00e9 napom\u00e1haj\u00ed je\u0161t\u011b lep\u0161\u00ed novotvorb\u011b kolagenu nebo spr\u00e1vn\u00e9mu fungov\u00e1n\u00ed imunitn\u00edho syst\u00e9mu [1].<\/p>\n<p><strong>Skv\u011bl\u00e1 chu\u0165 a lehk\u00e9 tr\u00e1ven\u00ed<\/strong> \u2013 MAXRECO obsahuje su\u0161en\u00e9 ml\u00e9ko z \u010cech, kter\u00e9 dod\u00e1v\u00e1 fenomen\u00e1ln\u00ed smetanovo-ml\u00e9\u010dnou chu\u0165, a\u010dkoliv je MAXRECO m\u00edch\u00e1n s vodou. Jeho snadn\u00e9 tr\u00e1ven\u00ed zaji\u0161\u0165uj\u00ed tr\u00e1vic\u00ed enzymy (a to i enzym lakt\u00e1za) a st\u0159evn\u00ed mikrobiom udr\u017euje v pohod\u011b prebiotick\u00e1 vl\u00e1knina fruktooligosacharidy.<\/p>\n<p>\u2022 24% b\u00edlkovin ze 4 hlavn\u00edch zdroj\u016f<br \/>\n\u2022 41% slo\u017eit\u00fdch sacharid\u016f<br \/>\n\u2022 10% zdrav\u00fdch tuk\u016f ze t\u0159\u00ed hlavn\u00edch zdroj\u016f<br \/>\n\u2022 9% vl\u00e1kniny<br \/>\n\u2022 Mix vitam\u00edn\u016f a miner\u00e1l\u016f<br \/>\n\u2022 Komfort tr\u00e1ven\u00ed d\u00edky tr\u00e1vic\u00edm enzym\u016fm a prebiotick\u00e9 vl\u00e1knin\u011b<br \/>\n\u2022 Kloubn\u00ed vy\u017eiva ve form\u011b kolagenn\u00edch peptid\u016f<br \/>\n\u2022 P\u0159\u00edrodn\u00ed sladidla. \u017d\u00e1dn\u00e1 um\u011bl\u00e1 sladidla, barviva (\u0161kodliv\u00e1 aditiva a \u00e9\u010dka).<\/p>\n","protected":false},"featured_media":620,"comment_status":"open","ping_status":"closed","template":"","meta":[],"product_brand":[47],"product_cat":[34],"product_tag":[35,29,30,31,36,37],"class_list":{"0":"post-276","1":"product","2":"type-product","3":"status-publish","4":"has-post-thumbnail","6":"product_brand-jrnutrition","7":"product_cat-strava-proteiny","8":"product_tag-potreninkova-strava","9":"product_tag-pro-deti","10":"product_tag-pro-dospele","11":"product_tag-sportovni","12":"product_tag-strava","13":"product_tag-vyzivna","15":"first","16":"instock","17":"taxable","18":"shipping-taxable","19":"purchasable","20":"product-type-variable"},"_links":{"self":[{"href":"https:\/\/jrnutrition.co\/en\/wp-json\/wp\/v2\/product\/276","targetHints":{"allow":["GET"]}}],"collection":[{"href":"https:\/\/jrnutrition.co\/en\/wp-json\/wp\/v2\/product"}],"about":[{"href":"https:\/\/jrnutrition.co\/en\/wp-json\/wp\/v2\/types\/product"}],"replies":[{"embeddable":true,"href":"https:\/\/jrnutrition.co\/en\/wp-json\/wp\/v2\/comments?post=276"}],"wp:featuredmedia":[{"embeddable":true,"href":"https:\/\/jrnutrition.co\/en\/wp-json\/wp\/v2\/media\/620"}],"wp:attachment":[{"href":"https:\/\/jrnutrition.co\/en\/wp-json\/wp\/v2\/media?parent=276"}],"wp:term":[{"taxonomy":"product_brand","embeddable":true,"href":"https:\/\/jrnutrition.co\/en\/wp-json\/wp\/v2\/product_brand?post=276"},{"taxonomy":"product_cat","embeddable":true,"href":"https:\/\/jrnutrition.co\/en\/wp-json\/wp\/v2\/product_cat?post=276"},{"taxonomy":"product_tag","embeddable":true,"href":"https:\/\/jrnutrition.co\/en\/wp-json\/wp\/v2\/product_tag?post=276"}],"curies":[{"name":"wp","href":"https:\/\/api.w.org\/{rel}","templated":true}]}}