{"id":284,"date":"2021-09-16T20:28:12","date_gmt":"2021-09-16T20:28:12","guid":{"rendered":"https:\/\/jrnutrition.co\/?post_type=product&#038;p=284"},"modified":"2025-06-18T12:55:06","modified_gmt":"2025-06-18T12:55:06","slug":"volt-iontovy-napoj-meloun","status":"publish","type":"product","link":"https:\/\/jrnutrition.co\/en\/product\/volt-iontovy-napoj-meloun\/","title":{"rendered":"VOLT &#8211; IONTOV\u00dd N\u00c1POJ MELOUN"},"content":{"rendered":"<p><strong>\u00da\u010del produktu a zp\u016fsob pou\u017eit\u00ed:<\/strong><br \/>\nVOLT je n\u00e1poj pou\u017e\u00edvan\u00fd p\u0159i v\u00fdkonu, kde je pot\u0159eba t\u011blu dodat energii, nakopnout ho vitam\u00edny a miner\u00e1ly.<br \/>\nD\u00edky sv\u00e9mu slo\u017een\u00ed ochr\u00e1n\u00ed i va\u0161e svaly p\u0159ed brzk\u00fdm vy\u010derp\u00e1n\u00edm.<\/p>\n<p><strong>Ide\u00e1ln\u00ed d\u00e1vkov\u00e1n\u00ed:<\/strong><br \/>\nDoporu\u010den\u00e1 denn\u00ed d\u00e1vka 1 \u2013 4 jednor\u00e1zov\u00e9 d\u00e1vky. Jednor\u00e1zov\u00e1 d\u00e1vka 1 odm\u011brka (10g), rozm\u00edchat do 500 ml vody.<br \/>\nZ\u00e1kladn\u00ed d\u00e1vka 1 jednor\u00e1zov\u00e1 d\u00e1vka, p\u0159i\u00a0 xtr\u00e9mn\u00ed z\u00e1t\u011b\u017ei lze d\u00e1vkovat a\u017e 4 d\u00e1vky denn\u011b.<br \/>\nDoporu\u010den\u00e1 denn\u00ed d\u00e1vka se nesm\u00ed p\u0159ekro\u010dit.<\/p>\n<p><strong>Kolik litr\u016f n\u00e1poje vznikne z jednoho balen\u00ed?<\/strong><br \/>\n300 g = 15 litr\u016f<br \/>\n700 g = 35 litr\u016f<\/p>\n<h3>VOLT JE UM\u011aLECK\u00c9 D\u00cdLO<\/h3>\n<p><strong>Chemie, \u00e9\u010dka a stimulanty vzaly VOLT obloukem<\/strong><br \/>\nD\u00edky pe\u010dliv\u00e9mu v\u00fdvoji VOLTU se n\u00e1m poda\u0159ilo vyhnout v\u0161em z\u00e1kladn\u00edm chyb\u00e1m n\u00e1poj\u016f na trhu.<br \/>\nVOLT neobsahuje \u017e\u00e1dn\u00fd cukr, neobsahuje um\u011bl\u00e1 sladidla a arviva.<br \/>\nNeobsahuje stimulanty, jako nap\u0159\u00edklad kofein nevhodn\u00fd pro vyv\u00edjej\u00edc\u00ed se mozek d\u011bt\u00ed a teenager\u016f.<\/p>\n<p><strong>Slo\u017eky pouze v t\u011bch nejkvalitn\u011bj\u0161\u00edch podob\u00e1ch<\/strong><br \/>\nJdeme jinou cestou. Nahrazujeme velmi lacin\u00e9, nekvalitn\u00ed a \u0161patn\u011b vyu\u017eiteln\u00e9 formy miner\u00e1l\u016f, anorganick\u00e9 oxidy, kde zdrojem sod\u00edku pak \u010dasto b\u00fdv\u00e1 oby\u010dejn\u00e1 kuchy\u0148sk\u00e1 s\u016fl pomoc\u00ed Iont\u016f v organick\u00e9, t\u011blu p\u0159irozen\u00e9 podob\u011b lakt\u00e1t\u016f a citr\u00e1t\u016f.<br \/>\nObzvl\u00e1\u0161\u0165 sod\u00edk v citr\u00e1tov\u00e9 form\u011b m\u00e1 mnohem v\u011bt\u0161\u00ed p\u0159\u00edm\u00fd a rychl\u00fd \u00fa\u010dinek na v\u00fdkon ne\u017e klasick\u00fd chlorid sodn\u00fd (kuchy\u0148sk\u00e1 s\u016fl).<br \/>\nKrom\u011b z\u00e1kladn\u00edch iont\u016f sod\u00edku, drasl\u00edku a v\u00e1pn\u00edku tu v\u0161ak m\u00e1me i miner\u00e1ly v chel\u00e1tov\u00fdch form\u00e1ch \u2013 zinek a ho\u0159\u010d\u00edk, kter\u00e9 se jinak nesn\u00e1\u0161ej\u00ed dohromady v jin\u00fdch odob\u00e1ch.<br \/>\nMiner\u00e1ly jsou tedy ve VOLTU obsa\u017eeny v kvalitn\u00edch, organismu v\u0161ak zdrav\u00fdch d\u00e1vk\u00e1ch.<\/p>\n<p><strong>Na aminokyseliny jsme tak\u00e9 mysleli<\/strong><br \/>\nKl\u00ed\u010dov\u00e9 je, \u017ee tento iontov\u00fd n\u00e1poj obsahuje i aminokyseliny BCAA, kter\u00e9 p\u0159i z\u00e1t\u011b\u017ei chr\u00e1n\u00ed svalovou hmotu, d\u00e1le aminokyselinu glycin, kter\u00e1 pom\u00e1h\u00e1 sni\u017eovat tresov\u00fd hormon kortizol a aminokyselinu taurin, kter\u00e1 p\u0159isp\u00edv\u00e1 k lep\u0161\u00ed funkci mozku, zraku a tak\u00e9 umo\u017e\u0148uje lep\u0161\u00ed ob\u011bh tekutin v t\u011ble.<\/p>\n<p><strong>\u017diviny ve VOLTU jsou od t\u011bch nejlep\u0161\u00edch<\/strong><br \/>\nPro psychick\u00e9 p\u0159irozen\u00e9 nabuzen\u00ed, p\u0159irozen\u00fd obsah dal\u0161\u00edch vitam\u00edn\u016f, miner\u00e1l\u016f, antioxidant\u016f (nap\u0159\u00edklad lykopen a lutein zlep\u0161uj\u00edc\u00ed stav zraku) pou\u017e\u00edv\u00e1me extrakt z nejzdrav\u011bj\u0161\u00edho ovoce na sv\u011bt\u011b \u2013 goji.<\/p>\n<p><strong>VOLT si s vytrvalost\u00ed rozum\u00ed<\/strong><br \/>\nZavr\u0161en\u00edm \u00fa\u010dink\u016f tohoto n\u00e1poje, kter\u00fd je z\u00e1rove\u0148 iontov\u00fd, aminokyselinov\u00fd i energetick\u00fd, je l\u00e1tka glukonorolakton, kter\u00e1 pom\u00e1h\u00e1 zvy\u0161ovat vytrvalost a oddalovat \u00fanavu sval\u016f. \u017d\u00e1dn\u00e1 z t\u011bchto l\u00e1tek p\u0159itom nem\u00e1 vedlej\u0161\u00ed negativn\u00ed \u00fa\u010dinky. Jako sladidlo je pou\u017eit\u00fd p\u0159\u00edrodn\u00ed extrakt st\u00e9vie. I barvivo n\u00e1poje je zcela\u00a0p\u0159\u00edrodn\u00ed, jedn\u00e1 se o provitam\u00edn A, neboli beta-karoten.<\/p>\n<p><strong>Cukr VOLT neobsahuje<\/strong><br \/>\nVzhledem k tomu, \u017ee d\u011bti a dosp\u00edvaj\u00edc\u00ed maj\u00ed sklony j\u00edst hodn\u011b cukru, vylou\u010dili jsme mo\u017enost d\u00e1vat jak\u00fdkoli cukr do na\u0161eho n\u00e1poje. Stejn\u011b tak si z energy drink\u016f vyb\u00edr\u00e1me jen ty nejzaj\u00edmav\u011bj\u0161\u00ed l\u00e1tky, jako je taurin a glukonorolakton. V\u0161e ostatn\u00ed vynech\u00e1v\u00e1me.<\/p>\n<p><strong>VOLT se o v\u00fdkonost postar\u00e1<\/strong><br \/>\nObsah miner\u00e1ln\u00edch l\u00e1tek v n\u00e1poji je a\u017e n\u011bkolikan\u00e1sobn\u00fd oproti jin\u00fdm produkt\u016fm na trhu, ani\u017e by to p\u0159itom bylo nebezpe\u010dn\u00e9. Iontov\u00fd n\u00e1poj, aby byl opravdu funk\u010dn\u00ed, mus\u00ed na n\u011bjakou dobu lehce zvednout krevn\u00ed tlak. V na\u0161em produktu jsme toho doc\u00edlili pomoc\u00ed miner\u00e1l\u016f a nikoli kofeinu. Efekt trv\u00e1 zhruba hodinu a\u017e dv\u011b a p\u0159isp\u00edv\u00e1 k tomu, \u017ee p\u0159i sportovn\u00edch aktivit\u00e1ch nekles\u00e1 v\u00fdkonnost organismu. Hr\u00e1\u010d se m\u016f\u017ee po tr\u00e9ninku nebo z\u00e1pase c\u00edtit podobn\u011b sv\u011b\u017e\u00ed, jako p\u0159ed n\u00edm.<\/p>\n<p><strong>Mysl\u00edme na v\u00edce faktor\u016f<\/strong><br \/>\nVolt je v pr\u00e1\u0161ku, jeho cena na jednu d\u00e1vku vych\u00e1z\u00ed mnohem v\u00fdhodn\u011bji ne\u017e u hotov\u00fdch n\u00e1poj\u016f prod\u00e1van\u00fdch v plastu nebo plechovk\u00e1ch, a z\u00e1rove\u0148 se vyrovn\u00e1 a v mnoh\u00e9m p\u0159ed\u010d\u00ed sv\u00fdm slo\u017een\u00edm \u0161pi\u010dkov\u00e9 v\u00fdrobky na trhu. Volt nen\u00ed jen io\u0148t\u00e1k, ale n\u00e1poj s maximem benefit\u016f.<\/p>\n<p>S JR Nutrition si m\u016f\u017eete b\u00fdt jist\u00ed na\u0161\u00ed garanc\u00ed t\u00e9 nejvy\u0161\u0161\u00ed kvality.<\/p>","protected":false},"excerpt":{"rendered":"<p>VOLT &#8211; Je n\u00e1poj pou\u017e\u00edvan\u00fd p\u0159i v\u00fdkonu, kde je pot\u0159eba t\u011blu dodat energii a nakopnout ho vitam\u00edny s miner\u00e1ly. D\u016fle\u017eit\u00e9 je i ochr\u00e1nit svaly, aby nebyly brzy vy\u010derpan\u00e9.<\/p>\n<p>Slo\u017een\u00ed iontov\u00e9ho n\u00e1poje VOLT je bez kompromis\u016f, jsme na hranici v\u0161ech mo\u017enost\u00ed. Ka\u017ed\u00fdm dou\u0161kem do sebe dostane\u0161 ionty, kter\u00e9 p\u0159isp\u00edvaj\u00ed k elektrolytick\u00e9 rovnov\u00e1ze a t\u00edm sn\u00ed\u017een\u00ed m\u00edry \u00fanavy a vy\u010derp\u00e1n\u00ed. D\u00e1le pak obsahuje miner\u00e1ly a vitam\u00edny pro optim\u00e1ln\u00ed funkci sval\u016f a psychiky. VOLT napom\u00e1h\u00e1 zdrav\u00e9mu stavu kost\u00ed a novotvorb\u011b kolagenu.\u00a0D\u00edky aminokyselin\u00e1m BCAA ti ochr\u00e1n\u00ed svalovou hmotu p\u0159i t\u011b\u017ek\u00e9m v\u00fdkonu. V neposledn\u00ed \u0159ad\u011b se bude\u0161 d\u00edky VOLTU c\u00edtit fit i p\u0159i del\u0161\u00ed z\u00e1t\u011b\u017ei. VOLT podporuje tvou imunitu b\u011bhem i po fyzick\u00e9 aktivit\u011b<sup>[2]<\/sup>! \u017d\u00e1dn\u00e1 z obsa\u017een\u00fdch l\u00e1tek nem\u00e1 vedlej\u0161\u00ed ne\u017e\u00e1douc\u00ed \u00fa\u010dinky. VOLT, kdy\u017e chce\u0161 od sebe maximum.<\/p>\n<p>\u2022 Vitam\u00edny \u0159ady B pro lep\u0161\u00ed soust\u0159ed\u011bn\u00ed<br \/>\n\u2022 BCAA pro ochranu svalov\u00e9 hmoty<br \/>\n\u2022 Taurin pro lep\u0161\u00ed funkci mozku a zraku<br \/>\n\u2022 Vitam\u00edny, miner\u00e1ly a antioxidanty pro psychick\u00e9 nabuzen\u00ed<br \/>\n\u2022 neobsahuje cukr, \u017e\u00e1dn\u00e1 um\u011bl\u00e1 sladidla a barviva<br \/>\n\u2022 neobsahuje kofein a jin\u00e9 stimulanty<\/p>\n","protected":false},"featured_media":634,"comment_status":"open","ping_status":"closed","template":"","meta":[],"product_brand":[47],"product_cat":[26],"product_tag":[27,28,29,30,31,32,33],"class_list":{"0":"post-284","1":"product","2":"type-product","3":"status-publish","4":"has-post-thumbnail","6":"product_brand-jrnutrition","7":"product_cat-napoje","8":"product_tag-bio","9":"product_tag-iontovy-napoj","10":"product_tag-pro-deti","11":"product_tag-pro-dospele","12":"product_tag-sportovni","13":"product_tag-vyzivny","14":"product_tag-zdravy","16":"first","17":"instock","18":"taxable","19":"shipping-taxable","20":"purchasable","21":"product-type-variable"},"_links":{"self":[{"href":"https:\/\/jrnutrition.co\/en\/wp-json\/wp\/v2\/product\/284","targetHints":{"allow":["GET"]}}],"collection":[{"href":"https:\/\/jrnutrition.co\/en\/wp-json\/wp\/v2\/product"}],"about":[{"href":"https:\/\/jrnutrition.co\/en\/wp-json\/wp\/v2\/types\/product"}],"replies":[{"embeddable":true,"href":"https:\/\/jrnutrition.co\/en\/wp-json\/wp\/v2\/comments?post=284"}],"wp:featuredmedia":[{"embeddable":true,"href":"https:\/\/jrnutrition.co\/en\/wp-json\/wp\/v2\/media\/634"}],"wp:attachment":[{"href":"https:\/\/jrnutrition.co\/en\/wp-json\/wp\/v2\/media?parent=284"}],"wp:term":[{"taxonomy":"product_brand","embeddable":true,"href":"https:\/\/jrnutrition.co\/en\/wp-json\/wp\/v2\/product_brand?post=284"},{"taxonomy":"product_cat","embeddable":true,"href":"https:\/\/jrnutrition.co\/en\/wp-json\/wp\/v2\/product_cat?post=284"},{"taxonomy":"product_tag","embeddable":true,"href":"https:\/\/jrnutrition.co\/en\/wp-json\/wp\/v2\/product_tag?post=284"}],"curies":[{"name":"wp","href":"https:\/\/api.w.org\/{rel}","templated":true}]}}