{"id":544,"date":"2025-05-29T20:48:54","date_gmt":"2025-05-29T20:48:54","guid":{"rendered":"https:\/\/jrnutrition.co\/produkt\/volt-iontovy-napoj-pomeranc-2\/"},"modified":"2025-06-18T20:48:07","modified_gmt":"2025-06-18T20:48:07","slug":"volt-iontovy-napoj","status":"publish","type":"product","link":"https:\/\/jrnutrition.co\/en\/product\/volt-iontovy-napoj\/","title":{"rendered":"VOLT \u2013 IONTOV\u00dd N\u00c1POJ"},"content":{"rendered":"<p data-start=\"222\" data-end=\"332\">\ud83d\udfe6 <strong data-start=\"225\" data-end=\"261\">VOLT \u2013 UM\u011aLECK\u00c9 D\u00cdLO MEZI N\u00c1POJI<\/strong><br data-start=\"261\" data-end=\"264\" \/>\ud83d\udca5 Iontov\u00fd. Aminokyselinov\u00fd. Energetick\u00fd. Bez cukru. Bez kompromis\u016f.<\/p>\n<hr data-start=\"334\" data-end=\"337\" \/>\n<h3 data-start=\"339\" data-end=\"365\">\ud83d\udd2c Co VOLT neobsahuje?<\/h3>\n<ul data-start=\"366\" data-end=\"498\">\n<li data-start=\"366\" data-end=\"384\">\n<p data-start=\"368\" data-end=\"384\">\u274c <strong data-start=\"370\" data-end=\"384\">\u017d\u00e1dn\u00fd cukr<\/strong><\/p>\n<\/li>\n<li data-start=\"385\" data-end=\"430\">\n<p data-start=\"387\" data-end=\"430\">\u274c <strong data-start=\"389\" data-end=\"430\">\u017d\u00e1dn\u00e1 chemie, \u00e9\u010dka ani um\u011bl\u00e1 sladidla<\/strong><\/p>\n<\/li>\n<li data-start=\"431\" data-end=\"498\">\n<p data-start=\"433\" data-end=\"498\">\u274c <strong data-start=\"435\" data-end=\"470\">\u017d\u00e1dn\u00e9 stimulanty (nap\u0159. kofein)<\/strong> \u2013 \u0161etrn\u00e9 i k d\u011btsk\u00e9mu mozku<\/p>\n<\/li>\n<\/ul>\n<hr data-start=\"500\" data-end=\"503\" \/>\n<h3 data-start=\"505\" data-end=\"529\">\ud83d\udca7 Co VOLT obsahuje?<\/h3>\n<h4 data-start=\"530\" data-end=\"574\">\u2705 <strong data-start=\"537\" data-end=\"574\">Kvalitn\u00ed ionty v organick\u00e9 form\u011b:<\/strong><\/h4>\n<ul data-start=\"575\" data-end=\"746\">\n<li data-start=\"575\" data-end=\"619\">\n<p data-start=\"577\" data-end=\"619\">Sod\u00edk (citr\u00e1ty) pro rychl\u00fd n\u00e1stup \u00fa\u010dinku<\/p>\n<\/li>\n<li data-start=\"620\" data-end=\"672\">\n<p data-start=\"622\" data-end=\"672\">Drasl\u00edk a v\u00e1pn\u00edk \u2013 kl\u00ed\u010dov\u00e9 pro rovnov\u00e1hu tekutin<\/p>\n<\/li>\n<li data-start=\"673\" data-end=\"746\">\n<p data-start=\"675\" data-end=\"746\">Ho\u0159\u010d\u00edk a zinek v chel\u00e1tov\u00e9 form\u011b \u2013 v\u00fdborn\u00e1 vst\u0159ebatelnost bez interakce<\/p>\n<\/li>\n<\/ul>\n<h4 data-start=\"748\" data-end=\"774\">\ud83d\udcaa <strong data-start=\"756\" data-end=\"774\">Aminokyseliny:<\/strong><\/h4>\n<ul data-start=\"775\" data-end=\"929\">\n<li data-start=\"775\" data-end=\"822\">\n<p data-start=\"777\" data-end=\"822\"><strong data-start=\"777\" data-end=\"785\">BCAA<\/strong> \u2013 ochrana svalov\u00e9 hmoty p\u0159i z\u00e1t\u011b\u017ei<\/p>\n<\/li>\n<li data-start=\"823\" data-end=\"877\">\n<p data-start=\"825\" data-end=\"877\"><strong data-start=\"825\" data-end=\"835\">Taurin<\/strong> \u2013 lep\u0161\u00ed funkce mozku, o\u010d\u00ed, ob\u011bh tekutin<\/p>\n<\/li>\n<li data-start=\"878\" data-end=\"929\">\n<p data-start=\"880\" data-end=\"929\"><strong data-start=\"880\" data-end=\"890\">Glycin<\/strong> \u2013 sn\u00ed\u017een\u00ed stresov\u00e9ho hormonu kortizolu<\/p>\n<\/li>\n<\/ul>\n<h4 data-start=\"931\" data-end=\"965\">\ud83c\udf47 <strong data-start=\"939\" data-end=\"965\">P\u0159\u00edrodn\u00ed antioxidanty:<\/strong><\/h4>\n<ul data-start=\"966\" data-end=\"1045\">\n<li data-start=\"966\" data-end=\"1045\">\n<p data-start=\"968\" data-end=\"1045\">Extrakt z <strong data-start=\"978\" data-end=\"986\">goji<\/strong> \u2013 pro nabuzen\u00ed, vitam\u00edny a ochranu zraku (lykopen, lutein)<\/p>\n<\/li>\n<\/ul>\n<hr data-start=\"1047\" data-end=\"1050\" \/>\n<h3 data-start=\"1052\" data-end=\"1068\">\u26a1 Pro\u010d VOLT?<\/h3>\n<ul data-start=\"1069\" data-end=\"1313\">\n<li data-start=\"1069\" data-end=\"1106\">\n<p data-start=\"1071\" data-end=\"1106\">Zvy\u0161uje <strong data-start=\"1079\" data-end=\"1092\">v\u00fdkonnost<\/strong> bez kofeinu<\/p>\n<\/li>\n<li data-start=\"1107\" data-end=\"1167\">\n<p data-start=\"1109\" data-end=\"1167\">Pom\u00e1h\u00e1 udr\u017eet <strong data-start=\"1123\" data-end=\"1144\">energii a sv\u011b\u017eest<\/strong> i po n\u00e1ro\u010dn\u00e9m v\u00fdkonu<\/p>\n<\/li>\n<li data-start=\"1168\" data-end=\"1237\">\n<p data-start=\"1170\" data-end=\"1237\">Obsahuje <strong data-start=\"1179\" data-end=\"1198\">glukonorolakton<\/strong> \u2013 zvy\u0161uje vytrvalost, oddaluje \u00fanavu<\/p>\n<\/li>\n<li data-start=\"1238\" data-end=\"1269\">\n<p data-start=\"1240\" data-end=\"1269\">Slazen\u00fd <strong data-start=\"1248\" data-end=\"1267\">p\u0159\u00edrodn\u00ed st\u00e9vi\u00ed<\/strong><\/p>\n<\/li>\n<li data-start=\"1270\" data-end=\"1313\">\n<p data-start=\"1272\" data-end=\"1313\">Barven\u00fd <strong data-start=\"1280\" data-end=\"1298\">beta-karotenem<\/strong> (provitam\u00edn A)<\/p>\n<\/li>\n<\/ul>\n<hr data-start=\"1315\" data-end=\"1318\" \/>\n<h3 data-start=\"1320\" data-end=\"1346\">\ud83d\udce6 Praktick\u00fd a v\u00fdhodn\u00e9 p\u0159edplatn\u00e9<\/h3>\n<ul data-start=\"1347\" data-end=\"1493\">\n<li data-start=\"1347\" data-end=\"1394\">\n<p data-start=\"1349\" data-end=\"1394\">\ud83d\udca5 Pr\u00e1\u0161kov\u00e1 forma \u2013 <strong data-start=\"1369\" data-end=\"1394\">v\u00fdhodn\u00e1 cena za d\u00e1vku<\/strong><\/p>\n<\/li>\n<li data-start=\"1395\" data-end=\"1442\">\n<p data-start=\"1397\" data-end=\"1442\">\ud83c\udf0d Ekologi\u010dt\u011bj\u0161\u00ed ne\u017e plastov\u00e9\/plechov\u00e9 n\u00e1poje<\/p>\n<\/li>\n<li data-start=\"1443\" data-end=\"1493\">\n<p data-start=\"1445\" data-end=\"1493\">\ud83d\udcaf Slo\u017een\u00ed, kter\u00e9 p\u0159ekon\u00e1v\u00e1 b\u011b\u017en\u00e9 iontov\u00e9 n\u00e1poje<\/p>\n<\/li>\n<li>\ud83d\udcaf Ka\u017ed\u00fd m\u011bs\u00edc Ti za\u0161leme Tvou objedn\u00e1vku a o nic se nestar\u00e1\u0161 a neplat\u00ed\u0161 po\u0161tovn\u00e9.<\/li>\n<li>\ud83d\udcaf\u00a0Pokud chce\u0161 p\u0159edplatn\u00e9 zru\u0161it, sta\u010d\u00ed n\u00e1s kontaktovat a my v\u0161e za\u0159\u00edd\u00edme \ud83d\ude42<\/li>\n<\/ul>\n<hr data-start=\"1495\" data-end=\"1498\" \/>\n<h3 data-start=\"1500\" data-end=\"1521\">\ud83d\uded2 \u00da\u010del a pou\u017eit\u00ed:<\/h3>\n<p><strong>\u00da\u010del produktu a zp\u016fsob pou\u017eit\u00ed:<\/strong><br \/>\nVOLT je n\u00e1poj pou\u017e\u00edvan\u00fd p\u0159i v\u00fdkonu, kde je pot\u0159eba t\u011blu dodat energii, nakopnout ho vitam\u00edny a miner\u00e1ly.<br \/>\nD\u00edky sv\u00e9mu slo\u017een\u00ed ochr\u00e1n\u00ed i va\u0161e svaly p\u0159ed brzk\u00fdm vy\u010derp\u00e1n\u00edm.<\/p>\n<p><strong>Ide\u00e1ln\u00ed d\u00e1vkov\u00e1n\u00ed:<\/strong><br \/>\nDoporu\u010den\u00e1 denn\u00ed d\u00e1vka 1 \u2013 4 jednor\u00e1zov\u00e9 d\u00e1vky. Jednor\u00e1zov\u00e1 d\u00e1vka 1 odm\u011brka (10g), rozm\u00edchat do 500 ml vody.<br \/>\nZ\u00e1kladn\u00ed d\u00e1vka 1 jednor\u00e1zov\u00e1 d\u00e1vka, p\u0159i\u00a0 xtr\u00e9mn\u00ed z\u00e1t\u011b\u017ei lze d\u00e1vkovat a\u017e 4 d\u00e1vky denn\u011b.<br \/>\nDoporu\u010den\u00e1 denn\u00ed d\u00e1vka se nesm\u00ed p\u0159ekro\u010dit.<\/p>\n<p><strong>Kolik litr\u016f n\u00e1poje vznikne z jednoho balen\u00ed?<\/strong><br \/>\n300 g = 15 litr\u016f<\/p>\n<p data-start=\"1522\" data-end=\"1598\"><br data-start=\"1547\" data-end=\"1550\" \/>\ud83c\udfaf S JR Nutrition m\u00e1te jistotu \u0161pi\u010dkov\u00e9 kvality.<\/p>\n<p>&nbsp;<\/p>","protected":false},"excerpt":{"rendered":"<h3 data-start=\"99\" data-end=\"138\">\u26a1 <strong data-start=\"105\" data-end=\"138\">VOLT \u2013 Energie bez kompromis\u016f<\/strong><\/h3>\n<p data-start=\"140\" data-end=\"406\">Kdy\u017e jde\u0161 na maximum, pot\u0159ebuje\u0161 partnera, kter\u00fd t\u011b podr\u017e\u00ed. <strong data-start=\"200\" data-end=\"208\">VOLT<\/strong> je chytr\u00fd iontov\u00fd n\u00e1poj navr\u017een\u00fd pro okam\u017eit\u00e9 dopln\u011bn\u00ed <strong data-start=\"264\" data-end=\"310\">energie, vitam\u00edn\u016f, miner\u00e1l\u016f a aminokyselin<\/strong> b\u011bhem fyzick\u00e9 z\u00e1t\u011b\u017ee. Chr\u00e1n\u00ed svaly, podporuje v\u00fdkon a udr\u017euje t\u011b sv\u011b\u017e\u00ed i p\u0159i dlouhodob\u00e9 n\u00e1maze. S ka\u017ed\u00fdm dou\u0161kem VOLTU posouv\u00e1\u0161 sv\u00e9 limity d\u00e1l \u2013 bez zbyte\u010dn\u00fdch stimulant\u016f nebo vedlej\u0161\u00edch \u00fa\u010dink\u016f.<\/p>\n<h3 data-start=\"413\" data-end=\"436\">\ud83d\udcaa <strong data-start=\"420\" data-end=\"436\">Co VOLT um\u00ed?<\/strong><\/h3>\n<ul data-start=\"437\" data-end=\"808\">\n<li data-start=\"437\" data-end=\"499\">\n<p data-start=\"439\" data-end=\"499\"><strong data-start=\"439\" data-end=\"461\">Dopln\u00ed elektrolyty<\/strong> \u2192 pro rovnov\u00e1hu v t\u011ble a m\u00e9n\u011b \u00fanavy<\/p>\n<\/li>\n<li data-start=\"437\" data-end=\"499\">\n<p data-start=\"439\" data-end=\"499\"><strong data-start=\"502\" data-end=\"530\">Podpo\u0159\u00ed svaly a psychiku<\/strong> \u2192 d\u00edky pe\u010dliv\u011b zvolen\u00fdm miner\u00e1l\u016fm a vitam\u00edn\u016fm<\/p>\n<\/li>\n<li data-start=\"579\" data-end=\"643\">\n<p data-start=\"581\" data-end=\"643\"><strong data-start=\"581\" data-end=\"603\">BCAA aminokyseliny<\/strong> \u2192 chr\u00e1n\u00ed svalovou hmotu p\u0159ed rozpadem<\/p>\n<\/li>\n<li data-start=\"644\" data-end=\"690\">\n<p data-start=\"646\" data-end=\"690\"><strong data-start=\"646\" data-end=\"688\">Podpo\u0159\u00ed tvorbu kolagenu a zdrav\u00e9 kosti<\/strong><\/p>\n<\/li>\n<li data-start=\"691\" data-end=\"731\">\n<p data-start=\"693\" data-end=\"731\"><strong data-start=\"693\" data-end=\"711\">Pos\u00edl\u00ed imunitu<\/strong> b\u011bhem i po v\u00fdkonu<\/p>\n<\/li>\n<li data-start=\"732\" data-end=\"808\">\n<p data-start=\"734\" data-end=\"808\"><strong data-start=\"734\" data-end=\"772\">Bez cukru, bez kofeinu, bez chemie<\/strong> \u2013 jen to, co t\u011blo opravdu pot\u0159ebuje<\/p>\n<\/li>\n<\/ul>\n<hr data-start=\"810\" data-end=\"813\" \/>\n<p data-start=\"815\" data-end=\"957\">\ud83d\udd25 <strong data-start=\"919\" data-end=\"957\">V r\u00e1mci p\u0159edplatn\u00e9ho Ti za\u0161leme ka\u017ed\u00fd m\u011bs\u00edc Tvou objedn\u00e1vku a o nic se nemus\u00ed\u0161 starat.<\/strong><\/p>\n<p><strong>\ud83d\udca5Balen\u00ed obsahuje 300 g = 15 litr\u016f \u0161pi\u010dkov\u00e9ho iontov\u00e9ho n\u00e1poje!\ud83d\udca5<\/strong><\/p>","protected":false},"featured_media":621,"comment_status":"open","ping_status":"closed","template":"","meta":[],"product_brand":[47],"product_cat":[50],"product_tag":[53,52,51,54],"class_list":{"0":"post-544","1":"product","2":"type-product","3":"status-publish","4":"has-post-thumbnail","6":"product_brand-jrnutrition","7":"product_cat-predplatne","8":"product_tag-doprava-zdarma","9":"product_tag-predpaltne","10":"product_tag-volt","11":"product_tag-vyhodna-cena","12":"product_shipping_class-vz_dpr_zd","14":"first","15":"instock","16":"sale","17":"sold-individually","18":"taxable","19":"shipping-taxable","20":"purchasable","21":"product-type-simple"},"_links":{"self":[{"href":"https:\/\/jrnutrition.co\/en\/wp-json\/wp\/v2\/product\/544","targetHints":{"allow":["GET"]}}],"collection":[{"href":"https:\/\/jrnutrition.co\/en\/wp-json\/wp\/v2\/product"}],"about":[{"href":"https:\/\/jrnutrition.co\/en\/wp-json\/wp\/v2\/types\/product"}],"replies":[{"embeddable":true,"href":"https:\/\/jrnutrition.co\/en\/wp-json\/wp\/v2\/comments?post=544"}],"wp:featuredmedia":[{"embeddable":true,"href":"https:\/\/jrnutrition.co\/en\/wp-json\/wp\/v2\/media\/621"}],"wp:attachment":[{"href":"https:\/\/jrnutrition.co\/en\/wp-json\/wp\/v2\/media?parent=544"}],"wp:term":[{"taxonomy":"product_brand","embeddable":true,"href":"https:\/\/jrnutrition.co\/en\/wp-json\/wp\/v2\/product_brand?post=544"},{"taxonomy":"product_cat","embeddable":true,"href":"https:\/\/jrnutrition.co\/en\/wp-json\/wp\/v2\/product_cat?post=544"},{"taxonomy":"product_tag","embeddable":true,"href":"https:\/\/jrnutrition.co\/en\/wp-json\/wp\/v2\/product_tag?post=544"}],"curies":[{"name":"wp","href":"https:\/\/api.w.org\/{rel}","templated":true}]}}